{"id":6576,"date":"2026-02-16T18:55:48","date_gmt":"2026-02-16T18:55:48","guid":{"rendered":"https:\/\/goride.it\/?post_type=product&#038;p=6576"},"modified":"2026-04-06T18:18:55","modified_gmt":"2026-04-06T18:18:55","slug":"kaabo-kaabo-urban-scooter","status":"publish","type":"product","link":"https:\/\/goride.it\/?product=kaabo-kaabo-urban-scooter","title":{"rendered":"Kaabo Urban Electric-Scooters"},"content":{"rendered":"<h3><strong>Kaabo Urban<\/strong><\/h3>\n<p>Abbastanza leggero da trasportare. Abbastanza veloce da emozionare. Abbastanza intelligente da essere flessibile. Con un nuovo look audace, sblocco NFC, pneumatici tubeless e le nostre esclusive sospensioni a C, \u00e8 fatto per gestire il caos e attirare l&#8217;attenzione. Portalo in treno. Scivola nel traffico. Piega e vai. Urban non \u00e8 solo uno scooter: \u00e8 un&#8217;affermazione di stile per la citt\u00e0.<\/p>\n<h3><strong>Eleganza geometrica e design elegante per la citt\u00e0<\/strong><\/h3>\n<p>L&#8217;e-scooter Urban presenta un design aerodinamico ed ergonomico abbinato a un telaio monoscocca in alluminio di qualit\u00e0 aerospaziale: leggero per spostamenti in citt\u00e0 senza sforzo, ma robusto e stabile per gli spostamenti quotidiani in sicurezza.<\/p>\n<div class=\"kb_vot-txt\">\n<p><img fetchpriority=\"high\" decoding=\"async\" class=\"aligncenter wp-image-6583 size-full\" src=\"https:\/\/goride.it\/wp-content\/uploads\/2026\/02\/kaabourban500Wcommutingelectricscooters08.webp\" alt=\"\" width=\"1200\" height=\"1200\" srcset=\"https:\/\/goride.it\/wp-content\/uploads\/2026\/02\/kaabourban500Wcommutingelectricscooters08.webp 1200w, https:\/\/goride.it\/wp-content\/uploads\/2026\/02\/kaabourban500Wcommutingelectricscooters08-300x300.webp 300w, https:\/\/goride.it\/wp-content\/uploads\/2026\/02\/kaabourban500Wcommutingelectricscooters08-1024x1024.webp 1024w, https:\/\/goride.it\/wp-content\/uploads\/2026\/02\/kaabourban500Wcommutingelectricscooters08-150x150.webp 150w, https:\/\/goride.it\/wp-content\/uploads\/2026\/02\/kaabourban500Wcommutingelectricscooters08-768x768.webp 768w, https:\/\/goride.it\/wp-content\/uploads\/2026\/02\/kaabourban500Wcommutingelectricscooters08-600x600.webp 600w, https:\/\/goride.it\/wp-content\/uploads\/2026\/02\/kaabourban500Wcommutingelectricscooters08-100x100.webp 100w\" sizes=\"(max-width: 1200px) 100vw, 1200px\" \/> <img decoding=\"async\" class=\"aligncenter wp-image-6584 size-full\" src=\"https:\/\/goride.it\/wp-content\/uploads\/2026\/02\/kaabourban500Wcommutingelectricscooters07.webp\" alt=\"\" width=\"1200\" height=\"1200\" srcset=\"https:\/\/goride.it\/wp-content\/uploads\/2026\/02\/kaabourban500Wcommutingelectricscooters07.webp 1200w, https:\/\/goride.it\/wp-content\/uploads\/2026\/02\/kaabourban500Wcommutingelectricscooters07-300x300.webp 300w, https:\/\/goride.it\/wp-content\/uploads\/2026\/02\/kaabourban500Wcommutingelectricscooters07-1024x1024.webp 1024w, https:\/\/goride.it\/wp-content\/uploads\/2026\/02\/kaabourban500Wcommutingelectricscooters07-150x150.webp 150w, https:\/\/goride.it\/wp-content\/uploads\/2026\/02\/kaabourban500Wcommutingelectricscooters07-768x768.webp 768w, https:\/\/goride.it\/wp-content\/uploads\/2026\/02\/kaabourban500Wcommutingelectricscooters07-600x600.webp 600w, https:\/\/goride.it\/wp-content\/uploads\/2026\/02\/kaabourban500Wcommutingelectricscooters07-100x100.webp 100w\" sizes=\"(max-width: 1200px) 100vw, 1200px\" \/><\/p>\n<div class=\"row__text-item\">\n<p><img decoding=\"async\" src=\"https:\/\/www.kaabousa.com\/cdn\/shop\/files\/dual_motor_556f6082-2029-449c-a47f-69a54480bf68_45x.png?v=1683896049\" \/><strong>Estetica geometrica bicolore<\/strong><\/p>\n<p>Con un ponte bicolore e una montatura con motivo a diamante, disponibili in quattro tonalit\u00e0 selezionate, trasformano la tua pedalata in citt\u00e0 in un&#8217;affermazione di stile.<\/p>\n<\/div>\n<div class=\"row__text-item\">\n<p><img decoding=\"async\" src=\"https:\/\/www.kaabousa.com\/cdn\/shop\/files\/torque_f2f26522-207c-4e5f-b83f-dfec762e4a3f_45x.png?v=1683896092\" \/><strong>Padroneggia la tua guida urbana<\/strong><\/p>\n<p>Piattaforma pi\u00f9 ampia e manubrio rinforzato, progettati ergonomicamente per un comfort superiore in ogni spostamento in citt\u00e0<\/p>\n<p><img decoding=\"async\" class=\"aligncenter wp-image-6585 size-full\" src=\"https:\/\/goride.it\/wp-content\/uploads\/2026\/02\/kaabourban500Wcommutingelectricscooterfolded.webp\" alt=\"\" width=\"1200\" height=\"1200\" srcset=\"https:\/\/goride.it\/wp-content\/uploads\/2026\/02\/kaabourban500Wcommutingelectricscooterfolded.webp 1200w, https:\/\/goride.it\/wp-content\/uploads\/2026\/02\/kaabourban500Wcommutingelectricscooterfolded-300x300.webp 300w, https:\/\/goride.it\/wp-content\/uploads\/2026\/02\/kaabourban500Wcommutingelectricscooterfolded-1024x1024.webp 1024w, https:\/\/goride.it\/wp-content\/uploads\/2026\/02\/kaabourban500Wcommutingelectricscooterfolded-150x150.webp 150w, https:\/\/goride.it\/wp-content\/uploads\/2026\/02\/kaabourban500Wcommutingelectricscooterfolded-768x768.webp 768w, https:\/\/goride.it\/wp-content\/uploads\/2026\/02\/kaabourban500Wcommutingelectricscooterfolded-600x600.webp 600w, https:\/\/goride.it\/wp-content\/uploads\/2026\/02\/kaabourban500Wcommutingelectricscooterfolded-100x100.webp 100w\" sizes=\"(max-width: 1200px) 100vw, 1200px\" \/><img loading=\"lazy\" decoding=\"async\" class=\"aligncenter wp-image-6581 size-full\" src=\"https:\/\/goride.it\/wp-content\/uploads\/2026\/02\/kaabourbanelectricscooter2.webp\" alt=\"\" width=\"1800\" height=\"1800\" srcset=\"https:\/\/goride.it\/wp-content\/uploads\/2026\/02\/kaabourbanelectricscooter2.webp 1800w, https:\/\/goride.it\/wp-content\/uploads\/2026\/02\/kaabourbanelectricscooter2-300x300.webp 300w, https:\/\/goride.it\/wp-content\/uploads\/2026\/02\/kaabourbanelectricscooter2-1024x1024.webp 1024w, https:\/\/goride.it\/wp-content\/uploads\/2026\/02\/kaabourbanelectricscooter2-150x150.webp 150w, https:\/\/goride.it\/wp-content\/uploads\/2026\/02\/kaabourbanelectricscooter2-768x768.webp 768w, https:\/\/goride.it\/wp-content\/uploads\/2026\/02\/kaabourbanelectricscooter2-1536x1536.webp 1536w, https:\/\/goride.it\/wp-content\/uploads\/2026\/02\/kaabourbanelectricscooter2-600x600.webp 600w, https:\/\/goride.it\/wp-content\/uploads\/2026\/02\/kaabourbanelectricscooter2-100x100.webp 100w\" sizes=\"(max-width: 1800px) 100vw, 1800px\" \/><\/p>\n<div class=\"row_info\">\n<p><strong>Leggero, pieghevole, pronto per la citt\u00e0<\/strong><\/p>\n<p>Con un peso di soli 20 kg, lo scooter Urban ti accompagna ovunque ti porti la vita in citt\u00e0. Il suo telaio resistente alla corrosione e il sistema di chiusura rapido e stabile lo rendono facile da trasportare, riporre o trasportare in auto: spostarsi non \u00e8 mai stato cos\u00ec comodo ed elegante.<\/p>\n<div class=\"row__text-item\">\n<p><img decoding=\"async\" src=\"https:\/\/www.kaabousa.com\/cdn\/shop\/files\/dual_motor_556f6082-2029-449c-a47f-69a54480bf68_45x.png?v=1683896049\" \/><strong>Design ultraleggero<\/strong><\/p>\n<p>Con soli 20 kg, porta il tuo monopattino ovunque con facilit\u00e0.<\/p>\n<\/div>\n<div class=\"row__text-item\">\n<p><img decoding=\"async\" src=\"https:\/\/www.kaabousa.com\/cdn\/shop\/files\/suspension_04e5bebf-0073-4033-9c21-b151692f6bb2_45x.png?v=1683896189\" \/><strong>Piegato in 3 secondi<\/strong><\/p>\n<p>Telaio resistente alla ruggine e alla corrosione con un sistema di piegatura sicuro: si piega in soli 3 secondi e si adatta facilmente al bagagliaio o in spazi ristretti per spostamenti urbani senza sforzo.<\/p>\n<div class=\"row_info\">\n<div class=\"rte appear-delay-1\">\n<p><strong>Sospensioni a C<\/strong><\/p>\n<p>Assorbono gli urti da dossi, crepe e cordoli, offrendoti una guida fluida e stabile nelle trafficate strade cittadine. Curve pulite, prestazioni solide e comfort che sentirai ogni giorno<\/p>\n<p><img loading=\"lazy\" decoding=\"async\" class=\"aligncenter wp-image-6582 size-full\" src=\"https:\/\/goride.it\/wp-content\/uploads\/2026\/02\/kaabourban500Wcommutingelectricscooterdeck.webp\" alt=\"\" width=\"1200\" height=\"1200\" srcset=\"https:\/\/goride.it\/wp-content\/uploads\/2026\/02\/kaabourban500Wcommutingelectricscooterdeck.webp 1200w, https:\/\/goride.it\/wp-content\/uploads\/2026\/02\/kaabourban500Wcommutingelectricscooterdeck-300x300.webp 300w, https:\/\/goride.it\/wp-content\/uploads\/2026\/02\/kaabourban500Wcommutingelectricscooterdeck-1024x1024.webp 1024w, https:\/\/goride.it\/wp-content\/uploads\/2026\/02\/kaabourban500Wcommutingelectricscooterdeck-150x150.webp 150w, https:\/\/goride.it\/wp-content\/uploads\/2026\/02\/kaabourban500Wcommutingelectricscooterdeck-768x768.webp 768w, https:\/\/goride.it\/wp-content\/uploads\/2026\/02\/kaabourban500Wcommutingelectricscooterdeck-600x600.webp 600w, https:\/\/goride.it\/wp-content\/uploads\/2026\/02\/kaabourban500Wcommutingelectricscooterdeck-100x100.webp 100w\" sizes=\"(max-width: 1200px) 100vw, 1200px\" \/> <img loading=\"lazy\" decoding=\"async\" class=\"aligncenter wp-image-6580 size-full\" src=\"https:\/\/goride.it\/wp-content\/uploads\/2026\/02\/kaabourbanelectricscooter1.webp\" alt=\"\" width=\"1800\" height=\"1800\" srcset=\"https:\/\/goride.it\/wp-content\/uploads\/2026\/02\/kaabourbanelectricscooter1.webp 1800w, https:\/\/goride.it\/wp-content\/uploads\/2026\/02\/kaabourbanelectricscooter1-300x300.webp 300w, https:\/\/goride.it\/wp-content\/uploads\/2026\/02\/kaabourbanelectricscooter1-1024x1024.webp 1024w, https:\/\/goride.it\/wp-content\/uploads\/2026\/02\/kaabourbanelectricscooter1-150x150.webp 150w, https:\/\/goride.it\/wp-content\/uploads\/2026\/02\/kaabourbanelectricscooter1-768x768.webp 768w, https:\/\/goride.it\/wp-content\/uploads\/2026\/02\/kaabourbanelectricscooter1-1536x1536.webp 1536w, https:\/\/goride.it\/wp-content\/uploads\/2026\/02\/kaabourbanelectricscooter1-600x600.webp 600w, https:\/\/goride.it\/wp-content\/uploads\/2026\/02\/kaabourbanelectricscooter1-100x100.webp 100w\" sizes=\"(max-width: 1800px) 100vw, 1800px\" \/> <img loading=\"lazy\" decoding=\"async\" class=\"aligncenter wp-image-6579 size-full\" src=\"https:\/\/goride.it\/wp-content\/uploads\/2026\/02\/kaabourbanelectricscooter4.webp\" alt=\"\" width=\"1800\" height=\"1800\" srcset=\"https:\/\/goride.it\/wp-content\/uploads\/2026\/02\/kaabourbanelectricscooter4.webp 1800w, https:\/\/goride.it\/wp-content\/uploads\/2026\/02\/kaabourbanelectricscooter4-300x300.webp 300w, https:\/\/goride.it\/wp-content\/uploads\/2026\/02\/kaabourbanelectricscooter4-1024x1024.webp 1024w, https:\/\/goride.it\/wp-content\/uploads\/2026\/02\/kaabourbanelectricscooter4-150x150.webp 150w, https:\/\/goride.it\/wp-content\/uploads\/2026\/02\/kaabourbanelectricscooter4-768x768.webp 768w, https:\/\/goride.it\/wp-content\/uploads\/2026\/02\/kaabourbanelectricscooter4-1536x1536.webp 1536w, https:\/\/goride.it\/wp-content\/uploads\/2026\/02\/kaabourbanelectricscooter4-600x600.webp 600w, https:\/\/goride.it\/wp-content\/uploads\/2026\/02\/kaabourbanelectricscooter4-100x100.webp 100w\" sizes=\"(max-width: 1800px) 100vw, 1800px\" \/> <img loading=\"lazy\" decoding=\"async\" class=\"aligncenter wp-image-6578 size-full\" src=\"https:\/\/goride.it\/wp-content\/uploads\/2026\/02\/kaabourbanelectricscooter8.webp\" alt=\"\" width=\"1800\" height=\"1800\" srcset=\"https:\/\/goride.it\/wp-content\/uploads\/2026\/02\/kaabourbanelectricscooter8.webp 1800w, https:\/\/goride.it\/wp-content\/uploads\/2026\/02\/kaabourbanelectricscooter8-300x300.webp 300w, https:\/\/goride.it\/wp-content\/uploads\/2026\/02\/kaabourbanelectricscooter8-1024x1024.webp 1024w, https:\/\/goride.it\/wp-content\/uploads\/2026\/02\/kaabourbanelectricscooter8-150x150.webp 150w, https:\/\/goride.it\/wp-content\/uploads\/2026\/02\/kaabourbanelectricscooter8-768x768.webp 768w, https:\/\/goride.it\/wp-content\/uploads\/2026\/02\/kaabourbanelectricscooter8-1536x1536.webp 1536w, https:\/\/goride.it\/wp-content\/uploads\/2026\/02\/kaabourbanelectricscooter8-600x600.webp 600w, https:\/\/goride.it\/wp-content\/uploads\/2026\/02\/kaabourbanelectricscooter8-100x100.webp 100w\" sizes=\"(max-width: 1800px) 100vw, 1800px\" \/><\/p>\n<p><strong>Guida come vuoi. Sei modalit\u00e0, libert\u00e0 infinita.<\/strong><\/p>\n<p>Guidalo dolcemente. Guidalo selvaggio. Guidalo come vuoi tu.<br \/>\nL&#8217;ambiente urbano non ti limita. Impara a conoscerti. Dalle tranquille passeggiate domenicali al caos dell&#8217;ultimo minuto del luned\u00ec, 6 modalit\u00e0, il richiamo della memoria e una nuova modalit\u00e0 di assistenza alla camminata ti permettono di essere rilassato o selvaggio come te.<\/p>\n<p><strong>Predisposto per NFC. Cruscotto illuminato. Futuro assicurato.<\/strong><\/p>\n<p>Tocca per attivare. Illumina per guidare.<br \/>\nNessuna chiave. Nessun pulsante. Basta un tocco e prende vita. Il display intelligente ultraluminoso brilla come la cabina di pilotaggio di un jet da combattimento,<br \/>\ncristallino anche in pieno sole. Questo non \u00e8 solo uno scooter. \u00c8 la tua sequenza di partenza quotidiana.<\/p>\n<\/div>\n<\/div>\n<\/div>\n<\/div>\n<\/div>\n<\/div>\n","protected":false},"excerpt":{"rendered":"<p>Kaabo Urban Abbastanza leggero da trasportare. Abbastanza veloce da emozionare. Abbastanza intelligente da flettersi<\/p>\n","protected":false},"featured_media":6577,"comment_status":"open","ping_status":"closed","template":"","meta":[],"product_brand":[40],"product_cat":[41],"product_tag":[],"class_list":{"0":"post-6576","1":"product","2":"type-product","3":"status-publish","4":"has-post-thumbnail","6":"product_brand-kaabo","7":"product_cat-kaabo","8":"product_shipping_class-every-item","10":"first","11":"instock","12":"sale","13":"shipping-taxable","14":"purchasable","15":"product-type-variable"},"_links":{"self":[{"href":"https:\/\/goride.it\/index.php?rest_route=\/wp\/v2\/product\/6576","targetHints":{"allow":["GET"]}}],"collection":[{"href":"https:\/\/goride.it\/index.php?rest_route=\/wp\/v2\/product"}],"about":[{"href":"https:\/\/goride.it\/index.php?rest_route=\/wp\/v2\/types\/product"}],"replies":[{"embeddable":true,"href":"https:\/\/goride.it\/index.php?rest_route=%2Fwp%2Fv2%2Fcomments&post=6576"}],"version-history":[{"count":8,"href":"https:\/\/goride.it\/index.php?rest_route=\/wp\/v2\/product\/6576\/revisions"}],"predecessor-version":[{"id":7962,"href":"https:\/\/goride.it\/index.php?rest_route=\/wp\/v2\/product\/6576\/revisions\/7962"}],"wp:featuredmedia":[{"embeddable":true,"href":"https:\/\/goride.it\/index.php?rest_route=\/wp\/v2\/media\/6577"}],"wp:attachment":[{"href":"https:\/\/goride.it\/index.php?rest_route=%2Fwp%2Fv2%2Fmedia&parent=6576"}],"wp:term":[{"taxonomy":"product_brand","embeddable":true,"href":"https:\/\/goride.it\/index.php?rest_route=%2Fwp%2Fv2%2Fproduct_brand&post=6576"},{"taxonomy":"product_cat","embeddable":true,"href":"https:\/\/goride.it\/index.php?rest_route=%2Fwp%2Fv2%2Fproduct_cat&post=6576"},{"taxonomy":"product_tag","embeddable":true,"href":"https:\/\/goride.it\/index.php?rest_route=%2Fwp%2Fv2%2Fproduct_tag&post=6576"}],"curies":[{"name":"wp","href":"https:\/\/api.w.org\/{rel}","templated":true}]}}