{"id":6533,"date":"2026-02-16T18:04:05","date_gmt":"2026-02-16T18:04:05","guid":{"rendered":"https:\/\/goride.it\/?post_type=product&#038;p=6533"},"modified":"2026-03-05T18:41:44","modified_gmt":"2026-03-05T18:41:44","slug":"kaabo-wolf-warrior-11-max-scooter","status":"publish","type":"product","link":"https:\/\/goride.it\/?product=kaabo-wolf-warrior-11-max-scooter","title":{"rendered":"Kaabo Wolf Warrior 11 Max Scooter"},"content":{"rendered":"<h3>Nuovissima<br \/>\nwarrior 11 max<\/h3>\n<p>La nuova evoluzione delle prestazioni si basa sulle solide fondamenta della serie Warrior. Con una progettazione raffinata, comandi pi\u00f9 intelligenti e una stabilit\u00e0 migliorata, \u00e8 progettata per i ciclisti che cercano pi\u00f9 potenza, pi\u00f9 comfort e pi\u00f9 sicurezza in ogni percorso.<\/p>\n<h3>Costruita per la natura selvaggia, pronta per la distanza<\/h3>\n<p>Se le tue uscite non finiscono quando finisce l&#8217;asfalto, la Warrior 11 MAX \u00e8 fatta per te. Si sente ben piantata e sicura su sterrato, ghiaia e sentieri irregolari, cos\u00ec puoi concentrarti sulla guida invece che sulla strada. Stabile, fluida e rassicurante, \u00e8 progettata per portarti pi\u00f9 lontano, pi\u00f9 in profondit\u00e0 e pi\u00f9 comodamente su qualsiasi terreno tu scelga.<\/p>\n<h2><img fetchpriority=\"high\" decoding=\"async\" class=\"aligncenter wp-image-6542 size-full\" style=\"font-size: 16px;\" src=\"https:\/\/goride.it\/wp-content\/uploads\/2026\/02\/KaaboWarrior11MaxScooter18.webp\" alt=\"\" width=\"1800\" height=\"1800\" srcset=\"https:\/\/goride.it\/wp-content\/uploads\/2026\/02\/KaaboWarrior11MaxScooter18.webp 1800w, https:\/\/goride.it\/wp-content\/uploads\/2026\/02\/KaaboWarrior11MaxScooter18-300x300.webp 300w, https:\/\/goride.it\/wp-content\/uploads\/2026\/02\/KaaboWarrior11MaxScooter18-1024x1024.webp 1024w, https:\/\/goride.it\/wp-content\/uploads\/2026\/02\/KaaboWarrior11MaxScooter18-150x150.webp 150w, https:\/\/goride.it\/wp-content\/uploads\/2026\/02\/KaaboWarrior11MaxScooter18-768x768.webp 768w, https:\/\/goride.it\/wp-content\/uploads\/2026\/02\/KaaboWarrior11MaxScooter18-1536x1536.webp 1536w, https:\/\/goride.it\/wp-content\/uploads\/2026\/02\/KaaboWarrior11MaxScooter18-600x600.webp 600w, https:\/\/goride.it\/wp-content\/uploads\/2026\/02\/KaaboWarrior11MaxScooter18-100x100.webp 100w\" sizes=\"(max-width: 1800px) 100vw, 1800px\" \/><\/h2>\n<div class=\"kb_vot-txt\">\n<p><img decoding=\"async\" class=\"aligncenter wp-image-6541 size-full\" src=\"https:\/\/goride.it\/wp-content\/uploads\/2026\/02\/KaaboWarrior11MaxScooter19.webp\" alt=\"\" width=\"1800\" height=\"1800\" srcset=\"https:\/\/goride.it\/wp-content\/uploads\/2026\/02\/KaaboWarrior11MaxScooter19.webp 1800w, https:\/\/goride.it\/wp-content\/uploads\/2026\/02\/KaaboWarrior11MaxScooter19-300x300.webp 300w, https:\/\/goride.it\/wp-content\/uploads\/2026\/02\/KaaboWarrior11MaxScooter19-1024x1024.webp 1024w, https:\/\/goride.it\/wp-content\/uploads\/2026\/02\/KaaboWarrior11MaxScooter19-150x150.webp 150w, https:\/\/goride.it\/wp-content\/uploads\/2026\/02\/KaaboWarrior11MaxScooter19-768x768.webp 768w, https:\/\/goride.it\/wp-content\/uploads\/2026\/02\/KaaboWarrior11MaxScooter19-1536x1536.webp 1536w, https:\/\/goride.it\/wp-content\/uploads\/2026\/02\/KaaboWarrior11MaxScooter19-600x600.webp 600w, https:\/\/goride.it\/wp-content\/uploads\/2026\/02\/KaaboWarrior11MaxScooter19-100x100.webp 100w\" sizes=\"(max-width: 1800px) 100vw, 1800px\" \/><\/p>\n<h3>Comfort pensato per lunghe pedalate impegnative<\/h3>\n<p>La Warrior 11 MAX \u00e8 progettata per rendere i lunghi tragitti facili e naturali. Smussa i terreni accidentati e assorbe le asperit\u00e0 della strada, aiutandoti a rimanere rilassato e sicuro chilometro dopo chilometro. Meno vibrazioni, meno fatica: una guida confortevole che ti permette di goderti ogni momento, anche nei lunghi viaggi fuoristrada.<\/p>\n<p><img decoding=\"async\" class=\"aligncenter wp-image-6544 size-full\" src=\"https:\/\/goride.it\/wp-content\/uploads\/2026\/02\/KaaboWarrior11MaxScooter16.webp\" alt=\"\" width=\"1800\" height=\"1800\" srcset=\"https:\/\/goride.it\/wp-content\/uploads\/2026\/02\/KaaboWarrior11MaxScooter16.webp 1800w, https:\/\/goride.it\/wp-content\/uploads\/2026\/02\/KaaboWarrior11MaxScooter16-300x300.webp 300w, https:\/\/goride.it\/wp-content\/uploads\/2026\/02\/KaaboWarrior11MaxScooter16-1024x1024.webp 1024w, https:\/\/goride.it\/wp-content\/uploads\/2026\/02\/KaaboWarrior11MaxScooter16-150x150.webp 150w, https:\/\/goride.it\/wp-content\/uploads\/2026\/02\/KaaboWarrior11MaxScooter16-768x768.webp 768w, https:\/\/goride.it\/wp-content\/uploads\/2026\/02\/KaaboWarrior11MaxScooter16-1536x1536.webp 1536w, https:\/\/goride.it\/wp-content\/uploads\/2026\/02\/KaaboWarrior11MaxScooter16-600x600.webp 600w, https:\/\/goride.it\/wp-content\/uploads\/2026\/02\/KaaboWarrior11MaxScooter16-100x100.webp 100w\" sizes=\"(max-width: 1800px) 100vw, 1800px\" \/><\/p>\n<h3>Manutenzione semplificata con connettori impermeabili<\/h3>\n<p>Il Warrior 11 Max ha un grado di impermeabilit\u00e0 IPX5. L&#8217;introduzione di connettori impermeabili esterni rende la manutenzione del motore pi\u00f9 rapida, semplice e affidabile. Questo aggiornamento garantisce prestazioni durature riducendo al contempo i tempi di fermo, cos\u00ec la tua bici sar\u00e0 sempre pronta per la strada.<\/p>\n<div class=\"rte appear-delay-1\">\n<p><img loading=\"lazy\" decoding=\"async\" class=\"aligncenter wp-image-6538 size-full\" src=\"https:\/\/goride.it\/wp-content\/uploads\/2026\/02\/KaaboWarrior11MaxScooter22_b9cdc58e-dd6f-44d5-b4cd-e7189abf53a7.webp\" alt=\"\" width=\"1800\" height=\"1800\" srcset=\"https:\/\/goride.it\/wp-content\/uploads\/2026\/02\/KaaboWarrior11MaxScooter22_b9cdc58e-dd6f-44d5-b4cd-e7189abf53a7.webp 1800w, https:\/\/goride.it\/wp-content\/uploads\/2026\/02\/KaaboWarrior11MaxScooter22_b9cdc58e-dd6f-44d5-b4cd-e7189abf53a7-300x300.webp 300w, https:\/\/goride.it\/wp-content\/uploads\/2026\/02\/KaaboWarrior11MaxScooter22_b9cdc58e-dd6f-44d5-b4cd-e7189abf53a7-1024x1024.webp 1024w, https:\/\/goride.it\/wp-content\/uploads\/2026\/02\/KaaboWarrior11MaxScooter22_b9cdc58e-dd6f-44d5-b4cd-e7189abf53a7-150x150.webp 150w, https:\/\/goride.it\/wp-content\/uploads\/2026\/02\/KaaboWarrior11MaxScooter22_b9cdc58e-dd6f-44d5-b4cd-e7189abf53a7-768x768.webp 768w, https:\/\/goride.it\/wp-content\/uploads\/2026\/02\/KaaboWarrior11MaxScooter22_b9cdc58e-dd6f-44d5-b4cd-e7189abf53a7-1536x1536.webp 1536w, https:\/\/goride.it\/wp-content\/uploads\/2026\/02\/KaaboWarrior11MaxScooter22_b9cdc58e-dd6f-44d5-b4cd-e7189abf53a7-600x600.webp 600w, https:\/\/goride.it\/wp-content\/uploads\/2026\/02\/KaaboWarrior11MaxScooter22_b9cdc58e-dd6f-44d5-b4cd-e7189abf53a7-100x100.webp 100w\" sizes=\"(max-width: 1800px) 100vw, 1800px\" \/><\/p>\n<p><img loading=\"lazy\" decoding=\"async\" class=\"aligncenter wp-image-6539 size-full\" src=\"https:\/\/goride.it\/wp-content\/uploads\/2026\/02\/KaaboWarrior11MaxScooter23_416fe0ef-8c3f-4fb5-87b2-0f2b1996f647.webp\" alt=\"\" width=\"1800\" height=\"1800\" srcset=\"https:\/\/goride.it\/wp-content\/uploads\/2026\/02\/KaaboWarrior11MaxScooter23_416fe0ef-8c3f-4fb5-87b2-0f2b1996f647.webp 1800w, https:\/\/goride.it\/wp-content\/uploads\/2026\/02\/KaaboWarrior11MaxScooter23_416fe0ef-8c3f-4fb5-87b2-0f2b1996f647-300x300.webp 300w, https:\/\/goride.it\/wp-content\/uploads\/2026\/02\/KaaboWarrior11MaxScooter23_416fe0ef-8c3f-4fb5-87b2-0f2b1996f647-1024x1024.webp 1024w, https:\/\/goride.it\/wp-content\/uploads\/2026\/02\/KaaboWarrior11MaxScooter23_416fe0ef-8c3f-4fb5-87b2-0f2b1996f647-150x150.webp 150w, https:\/\/goride.it\/wp-content\/uploads\/2026\/02\/KaaboWarrior11MaxScooter23_416fe0ef-8c3f-4fb5-87b2-0f2b1996f647-768x768.webp 768w, https:\/\/goride.it\/wp-content\/uploads\/2026\/02\/KaaboWarrior11MaxScooter23_416fe0ef-8c3f-4fb5-87b2-0f2b1996f647-1536x1536.webp 1536w, https:\/\/goride.it\/wp-content\/uploads\/2026\/02\/KaaboWarrior11MaxScooter23_416fe0ef-8c3f-4fb5-87b2-0f2b1996f647-600x600.webp 600w, https:\/\/goride.it\/wp-content\/uploads\/2026\/02\/KaaboWarrior11MaxScooter23_416fe0ef-8c3f-4fb5-87b2-0f2b1996f647-100x100.webp 100w\" sizes=\"(max-width: 1800px) 100vw, 1800px\" \/> <img loading=\"lazy\" decoding=\"async\" class=\"aligncenter wp-image-6540 size-full\" src=\"https:\/\/goride.it\/wp-content\/uploads\/2026\/02\/KaaboWarrior11MaxScooter24_7378d5fe-284c-4586-8cf4-47fbd3ae6316.webp\" alt=\"\" width=\"1800\" height=\"1800\" srcset=\"https:\/\/goride.it\/wp-content\/uploads\/2026\/02\/KaaboWarrior11MaxScooter24_7378d5fe-284c-4586-8cf4-47fbd3ae6316.webp 1800w, https:\/\/goride.it\/wp-content\/uploads\/2026\/02\/KaaboWarrior11MaxScooter24_7378d5fe-284c-4586-8cf4-47fbd3ae6316-300x300.webp 300w, https:\/\/goride.it\/wp-content\/uploads\/2026\/02\/KaaboWarrior11MaxScooter24_7378d5fe-284c-4586-8cf4-47fbd3ae6316-1024x1024.webp 1024w, https:\/\/goride.it\/wp-content\/uploads\/2026\/02\/KaaboWarrior11MaxScooter24_7378d5fe-284c-4586-8cf4-47fbd3ae6316-150x150.webp 150w, https:\/\/goride.it\/wp-content\/uploads\/2026\/02\/KaaboWarrior11MaxScooter24_7378d5fe-284c-4586-8cf4-47fbd3ae6316-768x768.webp 768w, https:\/\/goride.it\/wp-content\/uploads\/2026\/02\/KaaboWarrior11MaxScooter24_7378d5fe-284c-4586-8cf4-47fbd3ae6316-1536x1536.webp 1536w, https:\/\/goride.it\/wp-content\/uploads\/2026\/02\/KaaboWarrior11MaxScooter24_7378d5fe-284c-4586-8cf4-47fbd3ae6316-600x600.webp 600w, https:\/\/goride.it\/wp-content\/uploads\/2026\/02\/KaaboWarrior11MaxScooter24_7378d5fe-284c-4586-8cf4-47fbd3ae6316-100x100.webp 100w\" sizes=\"(max-width: 1800px) 100vw, 1800px\" \/><\/p>\n<h3>Frenata affidabile a qualsiasi velocit\u00e0<\/h3>\n<p>Il Warrior 11 MAX utilizza un sistema frenante completamente idraulico con sistema elettronico EABS per una risposta pi\u00f9 rapida e una maggiore potenza di arresto. Questo offre ai motociclisti maggiore controllo e sicurezza, soprattutto a velocit\u00e0 elevate o in situazioni di frenata improvvisa.<\/p>\n<div class=\"rte appear-delay-1\">\n<p><img loading=\"lazy\" decoding=\"async\" class=\"aligncenter wp-image-6537 size-full\" src=\"https:\/\/goride.it\/wp-content\/uploads\/2026\/02\/KaaboWarrior11MaxScooter26.webp\" alt=\"\" width=\"1800\" height=\"1800\" srcset=\"https:\/\/goride.it\/wp-content\/uploads\/2026\/02\/KaaboWarrior11MaxScooter26.webp 1800w, https:\/\/goride.it\/wp-content\/uploads\/2026\/02\/KaaboWarrior11MaxScooter26-300x300.webp 300w, https:\/\/goride.it\/wp-content\/uploads\/2026\/02\/KaaboWarrior11MaxScooter26-1024x1024.webp 1024w, https:\/\/goride.it\/wp-content\/uploads\/2026\/02\/KaaboWarrior11MaxScooter26-150x150.webp 150w, https:\/\/goride.it\/wp-content\/uploads\/2026\/02\/KaaboWarrior11MaxScooter26-768x768.webp 768w, https:\/\/goride.it\/wp-content\/uploads\/2026\/02\/KaaboWarrior11MaxScooter26-1536x1536.webp 1536w, https:\/\/goride.it\/wp-content\/uploads\/2026\/02\/KaaboWarrior11MaxScooter26-600x600.webp 600w, https:\/\/goride.it\/wp-content\/uploads\/2026\/02\/KaaboWarrior11MaxScooter26-100x100.webp 100w\" sizes=\"(max-width: 1800px) 100vw, 1800px\" \/><\/p>\n<\/div>\n<\/div>\n<\/div>\n","protected":false},"excerpt":{"rendered":"<p>Nuovissimo Warrior 11 Max La prossima evoluzione delle prestazioni, costruita sulle solide fondamenta della serie Warrior.<\/p>\n","protected":false},"featured_media":6546,"comment_status":"open","ping_status":"closed","template":"","meta":[],"product_brand":[40],"product_cat":[41],"product_tag":[],"class_list":{"0":"post-6533","1":"product","2":"type-product","3":"status-publish","4":"has-post-thumbnail","6":"product_brand-kaabo","7":"product_cat-kaabo","8":"product_shipping_class-every-item","10":"first","11":"instock","12":"shipping-taxable","13":"purchasable","14":"product-type-variable"},"_links":{"self":[{"href":"https:\/\/goride.it\/index.php?rest_route=\/wp\/v2\/product\/6533","targetHints":{"allow":["GET"]}}],"collection":[{"href":"https:\/\/goride.it\/index.php?rest_route=\/wp\/v2\/product"}],"about":[{"href":"https:\/\/goride.it\/index.php?rest_route=\/wp\/v2\/types\/product"}],"replies":[{"embeddable":true,"href":"https:\/\/goride.it\/index.php?rest_route=%2Fwp%2Fv2%2Fcomments&post=6533"}],"version-history":[{"count":4,"href":"https:\/\/goride.it\/index.php?rest_route=\/wp\/v2\/product\/6533\/revisions"}],"predecessor-version":[{"id":7949,"href":"https:\/\/goride.it\/index.php?rest_route=\/wp\/v2\/product\/6533\/revisions\/7949"}],"wp:featuredmedia":[{"embeddable":true,"href":"https:\/\/goride.it\/index.php?rest_route=\/wp\/v2\/media\/6546"}],"wp:attachment":[{"href":"https:\/\/goride.it\/index.php?rest_route=%2Fwp%2Fv2%2Fmedia&parent=6533"}],"wp:term":[{"taxonomy":"product_brand","embeddable":true,"href":"https:\/\/goride.it\/index.php?rest_route=%2Fwp%2Fv2%2Fproduct_brand&post=6533"},{"taxonomy":"product_cat","embeddable":true,"href":"https:\/\/goride.it\/index.php?rest_route=%2Fwp%2Fv2%2Fproduct_cat&post=6533"},{"taxonomy":"product_tag","embeddable":true,"href":"https:\/\/goride.it\/index.php?rest_route=%2Fwp%2Fv2%2Fproduct_tag&post=6533"}],"curies":[{"name":"wp","href":"https:\/\/api.w.org\/{rel}","templated":true}]}}