{"id":6514,"date":"2026-02-16T17:44:58","date_gmt":"2026-02-16T17:44:58","guid":{"rendered":"https:\/\/goride.it\/?post_type=product&#038;p=6514"},"modified":"2026-03-05T18:41:36","modified_gmt":"2026-03-05T18:41:36","slug":"kaabo-wolf-king-gtr-max-scooter","status":"publish","type":"product","link":"https:\/\/goride.it\/?product=kaabo-wolf-king-gtr-max-scooter","title":{"rendered":"Kaabo Wolf King GTR Max Scooter"},"content":{"rendered":"<h3>Nuovo di zecca<br \/>\nKING GTR MAX<\/h3>\n<p>Scopri il GTR MAX: progettato per dominare ogni strada con un&#8217;ingegneria raffinata e prestazioni senza pari. Pi\u00f9 coppia, un raffreddamento migliore e una stabilit\u00e0 senza pari. Dai sentieri fuoristrada alle strade cittadine, questo non \u00e8 solo uno scooter: \u00e8 la potenza per dominare ogni corsa.<\/p>\n<h3>Il massimo della potenza e dell&#8217;accelerazione degli scooter elettrici<\/h3>\n<p>Scopri il Kaabo GTR MAX di nuova generazione, realizzato con un telaio in alluminio aerospaziale 6082 completamente forgiato per estrema resistenza, durata e precisione. Alimentato da un sistema a doppio motore da 2000 W progettato per prestazioni pure, accelera da 0 a 50 km\/h in soli 3,3 secondi, offrendo un&#8217;accelerazione esplosiva e una sicurezza incrollabile, aprendo infinite possibilit\u00e0.<\/p>\n<div class=\"kb_vot-txt\">\n<p><img fetchpriority=\"high\" decoding=\"async\" class=\"aligncenter wp-image-6524 size-full\" src=\"https:\/\/goride.it\/wp-content\/uploads\/2026\/02\/kaabo-gtr-max-dual-motor-electric-scooter-handlebar-controls_jpg.webp\" alt=\"\" width=\"1800\" height=\"1800\" srcset=\"https:\/\/goride.it\/wp-content\/uploads\/2026\/02\/kaabo-gtr-max-dual-motor-electric-scooter-handlebar-controls_jpg.webp 1800w, https:\/\/goride.it\/wp-content\/uploads\/2026\/02\/kaabo-gtr-max-dual-motor-electric-scooter-handlebar-controls_jpg-300x300.webp 300w, https:\/\/goride.it\/wp-content\/uploads\/2026\/02\/kaabo-gtr-max-dual-motor-electric-scooter-handlebar-controls_jpg-1024x1024.webp 1024w, https:\/\/goride.it\/wp-content\/uploads\/2026\/02\/kaabo-gtr-max-dual-motor-electric-scooter-handlebar-controls_jpg-150x150.webp 150w, https:\/\/goride.it\/wp-content\/uploads\/2026\/02\/kaabo-gtr-max-dual-motor-electric-scooter-handlebar-controls_jpg-768x768.webp 768w, https:\/\/goride.it\/wp-content\/uploads\/2026\/02\/kaabo-gtr-max-dual-motor-electric-scooter-handlebar-controls_jpg-1536x1536.webp 1536w, https:\/\/goride.it\/wp-content\/uploads\/2026\/02\/kaabo-gtr-max-dual-motor-electric-scooter-handlebar-controls_jpg-600x600.webp 600w, https:\/\/goride.it\/wp-content\/uploads\/2026\/02\/kaabo-gtr-max-dual-motor-electric-scooter-handlebar-controls_jpg-100x100.webp 100w\" sizes=\"(max-width: 1800px) 100vw, 1800px\" \/><\/p>\n<h3>Progettato nel suo complesso. Progettato per la guida.<\/h3>\n<p>Dall&#8217;architettura complessiva del veicolo alla struttura interamente in alluminio forgiato, ogni dettaglio \u00e8 progettato come un sistema unificato. Motore, batteria e controller, calibrati con precisione, lavorano in perfetta armonia per offrire prestazioni pi\u00f9 elevate, maggiore efficienza e un&#8217;affidabilit\u00e0 senza compromessi.<\/p>\n<p><img decoding=\"async\" class=\"aligncenter wp-image-6523 size-full\" src=\"https:\/\/goride.it\/wp-content\/uploads\/2026\/02\/kaabo-gtr-max-dual-motor-electric-scooter-fast-handlebar-controls-2_jpg.webp\" alt=\"\" width=\"1800\" height=\"1800\" srcset=\"https:\/\/goride.it\/wp-content\/uploads\/2026\/02\/kaabo-gtr-max-dual-motor-electric-scooter-fast-handlebar-controls-2_jpg.webp 1800w, https:\/\/goride.it\/wp-content\/uploads\/2026\/02\/kaabo-gtr-max-dual-motor-electric-scooter-fast-handlebar-controls-2_jpg-300x300.webp 300w, https:\/\/goride.it\/wp-content\/uploads\/2026\/02\/kaabo-gtr-max-dual-motor-electric-scooter-fast-handlebar-controls-2_jpg-1024x1024.webp 1024w, https:\/\/goride.it\/wp-content\/uploads\/2026\/02\/kaabo-gtr-max-dual-motor-electric-scooter-fast-handlebar-controls-2_jpg-150x150.webp 150w, https:\/\/goride.it\/wp-content\/uploads\/2026\/02\/kaabo-gtr-max-dual-motor-electric-scooter-fast-handlebar-controls-2_jpg-768x768.webp 768w, https:\/\/goride.it\/wp-content\/uploads\/2026\/02\/kaabo-gtr-max-dual-motor-electric-scooter-fast-handlebar-controls-2_jpg-1536x1536.webp 1536w, https:\/\/goride.it\/wp-content\/uploads\/2026\/02\/kaabo-gtr-max-dual-motor-electric-scooter-fast-handlebar-controls-2_jpg-600x600.webp 600w, https:\/\/goride.it\/wp-content\/uploads\/2026\/02\/kaabo-gtr-max-dual-motor-electric-scooter-fast-handlebar-controls-2_jpg-100x100.webp 100w\" sizes=\"(max-width: 1800px) 100vw, 1800px\" \/> <img decoding=\"async\" class=\"aligncenter wp-image-6521 size-full\" src=\"https:\/\/goride.it\/wp-content\/uploads\/2026\/02\/kaabo-gtr-max-dual-motor-electric-scooter-powerful-rear-wheel-closeup_jpg.webp\" alt=\"\" width=\"1800\" height=\"1800\" srcset=\"https:\/\/goride.it\/wp-content\/uploads\/2026\/02\/kaabo-gtr-max-dual-motor-electric-scooter-powerful-rear-wheel-closeup_jpg.webp 1800w, https:\/\/goride.it\/wp-content\/uploads\/2026\/02\/kaabo-gtr-max-dual-motor-electric-scooter-powerful-rear-wheel-closeup_jpg-300x300.webp 300w, https:\/\/goride.it\/wp-content\/uploads\/2026\/02\/kaabo-gtr-max-dual-motor-electric-scooter-powerful-rear-wheel-closeup_jpg-1024x1024.webp 1024w, https:\/\/goride.it\/wp-content\/uploads\/2026\/02\/kaabo-gtr-max-dual-motor-electric-scooter-powerful-rear-wheel-closeup_jpg-150x150.webp 150w, https:\/\/goride.it\/wp-content\/uploads\/2026\/02\/kaabo-gtr-max-dual-motor-electric-scooter-powerful-rear-wheel-closeup_jpg-768x768.webp 768w, https:\/\/goride.it\/wp-content\/uploads\/2026\/02\/kaabo-gtr-max-dual-motor-electric-scooter-powerful-rear-wheel-closeup_jpg-1536x1536.webp 1536w, https:\/\/goride.it\/wp-content\/uploads\/2026\/02\/kaabo-gtr-max-dual-motor-electric-scooter-powerful-rear-wheel-closeup_jpg-600x600.webp 600w, https:\/\/goride.it\/wp-content\/uploads\/2026\/02\/kaabo-gtr-max-dual-motor-electric-scooter-powerful-rear-wheel-closeup_jpg-100x100.webp 100w\" sizes=\"(max-width: 1800px) 100vw, 1800px\" \/> <img loading=\"lazy\" decoding=\"async\" class=\"aligncenter wp-image-6520 size-full\" src=\"https:\/\/goride.it\/wp-content\/uploads\/2026\/02\/kaabo-gtr-max-dual-motor-electric-scooter-powerful-front-view_jpg.webp\" alt=\"\" width=\"1800\" height=\"1800\" srcset=\"https:\/\/goride.it\/wp-content\/uploads\/2026\/02\/kaabo-gtr-max-dual-motor-electric-scooter-powerful-front-view_jpg.webp 1800w, https:\/\/goride.it\/wp-content\/uploads\/2026\/02\/kaabo-gtr-max-dual-motor-electric-scooter-powerful-front-view_jpg-300x300.webp 300w, https:\/\/goride.it\/wp-content\/uploads\/2026\/02\/kaabo-gtr-max-dual-motor-electric-scooter-powerful-front-view_jpg-1024x1024.webp 1024w, https:\/\/goride.it\/wp-content\/uploads\/2026\/02\/kaabo-gtr-max-dual-motor-electric-scooter-powerful-front-view_jpg-150x150.webp 150w, https:\/\/goride.it\/wp-content\/uploads\/2026\/02\/kaabo-gtr-max-dual-motor-electric-scooter-powerful-front-view_jpg-768x768.webp 768w, https:\/\/goride.it\/wp-content\/uploads\/2026\/02\/kaabo-gtr-max-dual-motor-electric-scooter-powerful-front-view_jpg-1536x1536.webp 1536w, https:\/\/goride.it\/wp-content\/uploads\/2026\/02\/kaabo-gtr-max-dual-motor-electric-scooter-powerful-front-view_jpg-600x600.webp 600w, https:\/\/goride.it\/wp-content\/uploads\/2026\/02\/kaabo-gtr-max-dual-motor-electric-scooter-powerful-front-view_jpg-100x100.webp 100w\" sizes=\"(max-width: 1800px) 100vw, 1800px\" \/><\/p>\n<h3>Freni idraulici a quattro pistoncini di livello racing<\/h3>\n<p>Il sistema idraulico a quattro pistoncini ad alte prestazioni di Kaabo offre una potenza frenante fulminea e resistente al fading. Progettato con pinze di precisione e rotori ventilati, offre un controllo totale su discese ripide, corse ad alta velocit\u00e0 o frenate improvvise: guida con sicurezza, come un professionista.<\/p>\n<p><img loading=\"lazy\" decoding=\"async\" class=\"aligncenter wp-image-6522 size-full\" src=\"https:\/\/goride.it\/wp-content\/uploads\/2026\/02\/kaabo-gtr-max-dual-motor-electric-scooter-high-performance-rear-wheel_jpg.webp\" alt=\"\" width=\"1800\" height=\"1800\" srcset=\"https:\/\/goride.it\/wp-content\/uploads\/2026\/02\/kaabo-gtr-max-dual-motor-electric-scooter-high-performance-rear-wheel_jpg.webp 1800w, https:\/\/goride.it\/wp-content\/uploads\/2026\/02\/kaabo-gtr-max-dual-motor-electric-scooter-high-performance-rear-wheel_jpg-300x300.webp 300w, https:\/\/goride.it\/wp-content\/uploads\/2026\/02\/kaabo-gtr-max-dual-motor-electric-scooter-high-performance-rear-wheel_jpg-1024x1024.webp 1024w, https:\/\/goride.it\/wp-content\/uploads\/2026\/02\/kaabo-gtr-max-dual-motor-electric-scooter-high-performance-rear-wheel_jpg-150x150.webp 150w, https:\/\/goride.it\/wp-content\/uploads\/2026\/02\/kaabo-gtr-max-dual-motor-electric-scooter-high-performance-rear-wheel_jpg-768x768.webp 768w, https:\/\/goride.it\/wp-content\/uploads\/2026\/02\/kaabo-gtr-max-dual-motor-electric-scooter-high-performance-rear-wheel_jpg-1536x1536.webp 1536w, https:\/\/goride.it\/wp-content\/uploads\/2026\/02\/kaabo-gtr-max-dual-motor-electric-scooter-high-performance-rear-wheel_jpg-600x600.webp 600w, https:\/\/goride.it\/wp-content\/uploads\/2026\/02\/kaabo-gtr-max-dual-motor-electric-scooter-high-performance-rear-wheel_jpg-100x100.webp 100w\" sizes=\"(max-width: 1800px) 100vw, 1800px\" \/><\/p>\n<h3>Display intelligente ultra-large da 3,5 pollici<\/h3>\n<p>Scopri un monitoraggio della tua corsa di livello superiore su un display intelligente a colori ultra-large da 3,5 pollici, che mostra in tempo reale velocit\u00e0, stato della batteria e dati di corsa con una chiarezza cristallina.<\/p>\n<p>Personalizza i limiti di velocit\u00e0 massima e minima per ottimizzare la tua corsa e ottenere un&#8217;esperienza di guida davvero premium e controllata con precisione.<\/p>\n<h2 class=\"h1 appear-delay\"><img loading=\"lazy\" decoding=\"async\" class=\"aligncenter wp-image-6525 size-full\" style=\"font-size: 16px;\" src=\"https:\/\/goride.it\/wp-content\/uploads\/2026\/02\/kaabo-gtr-max-dual-motor-electric-scooter-fast-performance-handlebar-display_jpg.webp\" alt=\"\" width=\"1800\" height=\"1800\" srcset=\"https:\/\/goride.it\/wp-content\/uploads\/2026\/02\/kaabo-gtr-max-dual-motor-electric-scooter-fast-performance-handlebar-display_jpg.webp 1800w, https:\/\/goride.it\/wp-content\/uploads\/2026\/02\/kaabo-gtr-max-dual-motor-electric-scooter-fast-performance-handlebar-display_jpg-300x300.webp 300w, https:\/\/goride.it\/wp-content\/uploads\/2026\/02\/kaabo-gtr-max-dual-motor-electric-scooter-fast-performance-handlebar-display_jpg-1024x1024.webp 1024w, https:\/\/goride.it\/wp-content\/uploads\/2026\/02\/kaabo-gtr-max-dual-motor-electric-scooter-fast-performance-handlebar-display_jpg-150x150.webp 150w, https:\/\/goride.it\/wp-content\/uploads\/2026\/02\/kaabo-gtr-max-dual-motor-electric-scooter-fast-performance-handlebar-display_jpg-768x768.webp 768w, https:\/\/goride.it\/wp-content\/uploads\/2026\/02\/kaabo-gtr-max-dual-motor-electric-scooter-fast-performance-handlebar-display_jpg-1536x1536.webp 1536w, https:\/\/goride.it\/wp-content\/uploads\/2026\/02\/kaabo-gtr-max-dual-motor-electric-scooter-fast-performance-handlebar-display_jpg-600x600.webp 600w, https:\/\/goride.it\/wp-content\/uploads\/2026\/02\/kaabo-gtr-max-dual-motor-electric-scooter-fast-performance-handlebar-display_jpg-100x100.webp 100w\" sizes=\"(max-width: 1800px) 100vw, 1800px\" \/><\/h2>\n<div class=\"rte appear-delay-1\">\n<h3>Avventura alimentata dalla potenza Samsung<\/h3>\n<p>Alimenta il tuo GTR MAX fino a 200 km con una singola carica grazie alla batteria Samsung di Kaabo. Racchiusa in un guscio in alluminio resistente e antiurto e dotata di una gestione termica avanzata, offre prestazioni stabili e affidabili in tutte le condizioni. Le due porte di ricarica rapida ti riportano in strada in sole 3,5 ore, combinando potenza a lungo raggio, sicurezza e praticit\u00e0 per un&#8217;esperienza di guida senza pari.<\/p>\n<h2 class=\"h1 appear-delay\"><img loading=\"lazy\" decoding=\"async\" class=\"aligncenter wp-image-6526 size-full\" style=\"font-size: 16px;\" src=\"https:\/\/goride.it\/wp-content\/uploads\/2026\/02\/kaabo-gtr-max-dual-motor-electric-scooter-top-view_jpg.webp\" alt=\"\" width=\"1800\" height=\"1800\" srcset=\"https:\/\/goride.it\/wp-content\/uploads\/2026\/02\/kaabo-gtr-max-dual-motor-electric-scooter-top-view_jpg.webp 1800w, https:\/\/goride.it\/wp-content\/uploads\/2026\/02\/kaabo-gtr-max-dual-motor-electric-scooter-top-view_jpg-300x300.webp 300w, https:\/\/goride.it\/wp-content\/uploads\/2026\/02\/kaabo-gtr-max-dual-motor-electric-scooter-top-view_jpg-1024x1024.webp 1024w, https:\/\/goride.it\/wp-content\/uploads\/2026\/02\/kaabo-gtr-max-dual-motor-electric-scooter-top-view_jpg-150x150.webp 150w, https:\/\/goride.it\/wp-content\/uploads\/2026\/02\/kaabo-gtr-max-dual-motor-electric-scooter-top-view_jpg-768x768.webp 768w, https:\/\/goride.it\/wp-content\/uploads\/2026\/02\/kaabo-gtr-max-dual-motor-electric-scooter-top-view_jpg-1536x1536.webp 1536w, https:\/\/goride.it\/wp-content\/uploads\/2026\/02\/kaabo-gtr-max-dual-motor-electric-scooter-top-view_jpg-600x600.webp 600w, https:\/\/goride.it\/wp-content\/uploads\/2026\/02\/kaabo-gtr-max-dual-motor-electric-scooter-top-view_jpg-100x100.webp 100w\" sizes=\"(max-width: 1800px) 100vw, 1800px\" \/><\/h2>\n<\/div>\n<\/div>\n","protected":false},"excerpt":{"rendered":"<p>King GTR Nata dall&#8217;esperienza off-road di Kaabo, la King GTR ridefinisce le prestazioni estreme.<\/p>\n","protected":false},"featured_media":6518,"comment_status":"open","ping_status":"closed","template":"","meta":[],"product_brand":[40],"product_cat":[41],"product_tag":[],"class_list":{"0":"post-6514","1":"product","2":"type-product","3":"status-publish","4":"has-post-thumbnail","6":"product_brand-kaabo","7":"product_cat-kaabo","8":"product_shipping_class-every-item","10":"first","11":"instock","12":"shipping-taxable","13":"purchasable","14":"product-type-variable"},"_links":{"self":[{"href":"https:\/\/goride.it\/index.php?rest_route=\/wp\/v2\/product\/6514","targetHints":{"allow":["GET"]}}],"collection":[{"href":"https:\/\/goride.it\/index.php?rest_route=\/wp\/v2\/product"}],"about":[{"href":"https:\/\/goride.it\/index.php?rest_route=\/wp\/v2\/types\/product"}],"replies":[{"embeddable":true,"href":"https:\/\/goride.it\/index.php?rest_route=%2Fwp%2Fv2%2Fcomments&post=6514"}],"version-history":[{"count":4,"href":"https:\/\/goride.it\/index.php?rest_route=\/wp\/v2\/product\/6514\/revisions"}],"predecessor-version":[{"id":7948,"href":"https:\/\/goride.it\/index.php?rest_route=\/wp\/v2\/product\/6514\/revisions\/7948"}],"wp:featuredmedia":[{"embeddable":true,"href":"https:\/\/goride.it\/index.php?rest_route=\/wp\/v2\/media\/6518"}],"wp:attachment":[{"href":"https:\/\/goride.it\/index.php?rest_route=%2Fwp%2Fv2%2Fmedia&parent=6514"}],"wp:term":[{"taxonomy":"product_brand","embeddable":true,"href":"https:\/\/goride.it\/index.php?rest_route=%2Fwp%2Fv2%2Fproduct_brand&post=6514"},{"taxonomy":"product_cat","embeddable":true,"href":"https:\/\/goride.it\/index.php?rest_route=%2Fwp%2Fv2%2Fproduct_cat&post=6514"},{"taxonomy":"product_tag","embeddable":true,"href":"https:\/\/goride.it\/index.php?rest_route=%2Fwp%2Fv2%2Fproduct_tag&post=6514"}],"curies":[{"name":"wp","href":"https:\/\/api.w.org\/{rel}","templated":true}]}}