{"id":6469,"date":"2026-02-15T18:39:46","date_gmt":"2026-02-15T18:39:46","guid":{"rendered":"https:\/\/goride.it\/?post_type=product&#038;p=6469"},"modified":"2026-03-05T18:41:27","modified_gmt":"2026-03-05T18:41:27","slug":"kabbo-mantis-king-gt-scooter","status":"publish","type":"product","link":"https:\/\/goride.it\/?product=kabbo-mantis-king-gt-scooter","title":{"rendered":"Kaabo Mantis King GT Scooter"},"content":{"rendered":"<h3>La tua strada. Le tue regole.<\/h3>\n<p>Non importa dove tu vada, la routine quotidiana o un sentiero aperto, il Mantis King GT si adatta a te. Il suo telaio pieghevole, l&#8217;illuminazione personalizzabile e la frenata di precisione ti offrono controllo totale e stile. Vai ovunque, alle tue condizioni.<\/p>\n<h3>Un concentrato di potenza versatile: dal tragitto casa-lavoro in citt\u00e0 alla padronanza dell&#8217;off-road<\/h3>\n<p>Conquista sia le strade cittadine che i sentieri accidentati con il Mantis King GT. Alimentato da due motori da 1100 W, raggiunge velocit\u00e0 fino a 70 km\/h e affronta pendenze di 30\u00b0 con facilit\u00e0. Questo monopattino elettrico offre sempre un&#8217;esperienza versatile, potente ed emozionante.<\/p>\n<h3>Esperienza di guida confortevole<\/h3>\n<p>Prova una guida fluida e confortevole con il Mantis King GT. Pneumatici fuoristrada e sospensioni regolabili ti assicurano di superare facilmente le asperit\u00e0, sia in citt\u00e0 che fuoristrada. Goditi il \u200b\u200bviaggio, ovunque ti porti.<\/p>\n<div class=\"kb_vot-txt\">\n<p><img fetchpriority=\"high\" decoding=\"async\" class=\"aligncenter wp-image-5342 size-full\" src=\"https:\/\/goride.it\/wp-content\/uploads\/2026\/02\/Kaabo_Mantis_King_GT_hydraulic_disc_brakes.webp\" alt=\"\" width=\"900\" height=\"600\" srcset=\"https:\/\/goride.it\/wp-content\/uploads\/2026\/02\/Kaabo_Mantis_King_GT_hydraulic_disc_brakes.webp 900w, https:\/\/goride.it\/wp-content\/uploads\/2026\/02\/Kaabo_Mantis_King_GT_hydraulic_disc_brakes-600x400.webp 600w, https:\/\/goride.it\/wp-content\/uploads\/2026\/02\/Kaabo_Mantis_King_GT_hydraulic_disc_brakes-300x200.webp 300w, https:\/\/goride.it\/wp-content\/uploads\/2026\/02\/Kaabo_Mantis_King_GT_hydraulic_disc_brakes-768x512.webp 768w\" sizes=\"(max-width: 900px) 100vw, 900px\" \/><\/p>\n<h3>Freni idraulici ZOOM affidabili<\/h3>\n<p>La Mantis King GT \u00e8 dotata di freni a disco idraulici ZOOM anteriori e posteriori che offrono una potenza frenante potente e reattiva, con un controllo fluido e preciso. Progettati per la stabilit\u00e0 ad alta velocit\u00e0 e prestazioni di frenata costanti, contribuiscono a garantire una guida sicura e affidabile.<\/p>\n<h3>Display TFT avanzato<\/h3>\n<p>Il display TFT da 4,2 pollici della Mantis King GT offre una visibilit\u00e0 cristallina sia di giorno che di notte, fornendo tutte le informazioni chiave a colpo d&#8217;occhio. Resistente e impermeabile, \u00e8 progettato per prestazioni affidabili in ogni viaggio.<\/p>\n<p><img decoding=\"async\" class=\"aligncenter wp-image-5340 size-full\" src=\"https:\/\/goride.it\/wp-content\/uploads\/2026\/02\/kaabo_mantis_king_gt_scooter_tft_screen.webp\" alt=\"\" width=\"900\" height=\"600\" srcset=\"https:\/\/goride.it\/wp-content\/uploads\/2026\/02\/kaabo_mantis_king_gt_scooter_tft_screen.webp 900w, https:\/\/goride.it\/wp-content\/uploads\/2026\/02\/kaabo_mantis_king_gt_scooter_tft_screen-600x400.webp 600w, https:\/\/goride.it\/wp-content\/uploads\/2026\/02\/kaabo_mantis_king_gt_scooter_tft_screen-300x200.webp 300w, https:\/\/goride.it\/wp-content\/uploads\/2026\/02\/kaabo_mantis_king_gt_scooter_tft_screen-768x512.webp 768w\" sizes=\"(max-width: 900px) 100vw, 900px\" \/><img decoding=\"async\" class=\"aligncenter wp-image-5341 size-full\" src=\"https:\/\/goride.it\/wp-content\/uploads\/2026\/02\/kaabo_mantis_king_gt_dual_motor_commuting_scooter_charging_ports.webp\" alt=\"\" width=\"900\" height=\"600\" srcset=\"https:\/\/goride.it\/wp-content\/uploads\/2026\/02\/kaabo_mantis_king_gt_dual_motor_commuting_scooter_charging_ports.webp 900w, https:\/\/goride.it\/wp-content\/uploads\/2026\/02\/kaabo_mantis_king_gt_dual_motor_commuting_scooter_charging_ports-600x400.webp 600w, https:\/\/goride.it\/wp-content\/uploads\/2026\/02\/kaabo_mantis_king_gt_dual_motor_commuting_scooter_charging_ports-300x200.webp 300w, https:\/\/goride.it\/wp-content\/uploads\/2026\/02\/kaabo_mantis_king_gt_dual_motor_commuting_scooter_charging_ports-768x512.webp 768w\" sizes=\"(max-width: 900px) 100vw, 900px\" \/><\/p>\n<h3>Doppia porta di ricarica: ricarica rapida ed efficiente<\/h3>\n<p>Il Mantis King GT \u00e8 dotato di due porte di ricarica, che consentono una ricarica pi\u00f9 rapida con due caricabatterie contemporaneamente. Grazie alla ricarica rapida, la batteria pu\u00f2 essere caricata completamente in sole 2,5 ore. Una singola carica completa offre fino a 90 km di autonomia, rendendolo pronto per lunghi viaggi con tempi di inattivit\u00e0 ridotti.<\/p>\n<p><img loading=\"lazy\" decoding=\"async\" class=\"aligncenter wp-image-5338 size-full\" src=\"https:\/\/goride.it\/wp-content\/uploads\/2026\/02\/Kaabo_Mantis_King_GT_Adjustable_Suspension_Detail.webp\" alt=\"\" width=\"600\" height=\"422\" srcset=\"https:\/\/goride.it\/wp-content\/uploads\/2026\/02\/Kaabo_Mantis_King_GT_Adjustable_Suspension_Detail.webp 600w, https:\/\/goride.it\/wp-content\/uploads\/2026\/02\/Kaabo_Mantis_King_GT_Adjustable_Suspension_Detail-300x211.webp 300w\" sizes=\"(max-width: 600px) 100vw, 600px\" \/><\/p>\n<h3>Sospensioni idrauliche regolabili: dominano qualsiasi terreno<\/h3>\n<p>Affronta qualsiasi strada con le sospensioni idrauliche regolabili della Kaabo Mantis King GT, sia sulla ruota anteriore che su quella posteriore. Personalizza la tua guida per il massimo comfort e stabilit\u00e0, sia sulle strade cittadine che sui sentieri fuoristrada. Goditi una guida fluida e adattabile e migliora i tuoi spostamenti quotidiani con una tecnologia di sospensioni superiore.<\/p>\n<p><img loading=\"lazy\" decoding=\"async\" class=\"aligncenter wp-image-5345 size-full\" src=\"https:\/\/goride.it\/wp-content\/uploads\/2026\/02\/kaabo-mantis-king-gt-electric-scooter-finger-throttle.webp\" alt=\"\" width=\"1600\" height=\"1600\" srcset=\"https:\/\/goride.it\/wp-content\/uploads\/2026\/02\/kaabo-mantis-king-gt-electric-scooter-finger-throttle.webp 1600w, https:\/\/goride.it\/wp-content\/uploads\/2026\/02\/kaabo-mantis-king-gt-electric-scooter-finger-throttle-300x300.webp 300w, https:\/\/goride.it\/wp-content\/uploads\/2026\/02\/kaabo-mantis-king-gt-electric-scooter-finger-throttle-100x100.webp 100w, https:\/\/goride.it\/wp-content\/uploads\/2026\/02\/kaabo-mantis-king-gt-electric-scooter-finger-throttle-600x600.webp 600w, https:\/\/goride.it\/wp-content\/uploads\/2026\/02\/kaabo-mantis-king-gt-electric-scooter-finger-throttle-1024x1024.webp 1024w, https:\/\/goride.it\/wp-content\/uploads\/2026\/02\/kaabo-mantis-king-gt-electric-scooter-finger-throttle-150x150.webp 150w, https:\/\/goride.it\/wp-content\/uploads\/2026\/02\/kaabo-mantis-king-gt-electric-scooter-finger-throttle-768x768.webp 768w, https:\/\/goride.it\/wp-content\/uploads\/2026\/02\/kaabo-mantis-king-gt-electric-scooter-finger-throttle-1536x1536.webp 1536w\" sizes=\"(max-width: 1600px) 100vw, 1600px\" \/><\/p>\n<h3>Progettato per la potenza, costruito per durare<\/h3>\n<p>Scopri l&#8217;apice dell&#8217;ingegneria degli scooter con il Mantis King GT. Il suo telaio \u00e8 realizzato in lega di alluminio 6061-T6 e 6082-T6 di grado aerospaziale, garantendo una guida leggera ma robusta. Abbinato a coperture in PP ad alto impatto e a un robusto albero in acciaio SCM440, questo monopattino elettrico \u00e8 costruito per durare e progettato per stupire.<\/p>\n<p><img loading=\"lazy\" decoding=\"async\" class=\"aligncenter wp-image-5339 size-full\" src=\"https:\/\/goride.it\/wp-content\/uploads\/2026\/02\/mgt_8.webp\" alt=\"\" width=\"1350\" height=\"930\" srcset=\"https:\/\/goride.it\/wp-content\/uploads\/2026\/02\/mgt_8.webp 1350w, https:\/\/goride.it\/wp-content\/uploads\/2026\/02\/mgt_8-600x413.webp 600w, https:\/\/goride.it\/wp-content\/uploads\/2026\/02\/mgt_8-300x207.webp 300w, https:\/\/goride.it\/wp-content\/uploads\/2026\/02\/mgt_8-1024x705.webp 1024w, https:\/\/goride.it\/wp-content\/uploads\/2026\/02\/mgt_8-768x529.webp 768w\" sizes=\"(max-width: 1350px) 100vw, 1350px\" \/><\/p>\n<\/div>\n","protected":false},"excerpt":{"rendered":"<p>Monopattino Kaabo Mantis King GT: la tua strada. Le tue regole.<\/p>\n","protected":false},"featured_media":5348,"comment_status":"open","ping_status":"closed","template":"","meta":[],"product_brand":[40],"product_cat":[41],"product_tag":[],"class_list":{"0":"post-6469","1":"product","2":"type-product","3":"status-publish","4":"has-post-thumbnail","6":"product_brand-kaabo","7":"product_cat-kaabo","8":"product_shipping_class-every-item","10":"first","11":"instock","12":"shipping-taxable","13":"purchasable","14":"product-type-variable"},"_links":{"self":[{"href":"https:\/\/goride.it\/index.php?rest_route=\/wp\/v2\/product\/6469","targetHints":{"allow":["GET"]}}],"collection":[{"href":"https:\/\/goride.it\/index.php?rest_route=\/wp\/v2\/product"}],"about":[{"href":"https:\/\/goride.it\/index.php?rest_route=\/wp\/v2\/types\/product"}],"replies":[{"embeddable":true,"href":"https:\/\/goride.it\/index.php?rest_route=%2Fwp%2Fv2%2Fcomments&post=6469"}],"version-history":[{"count":5,"href":"https:\/\/goride.it\/index.php?rest_route=\/wp\/v2\/product\/6469\/revisions"}],"predecessor-version":[{"id":7947,"href":"https:\/\/goride.it\/index.php?rest_route=\/wp\/v2\/product\/6469\/revisions\/7947"}],"wp:featuredmedia":[{"embeddable":true,"href":"https:\/\/goride.it\/index.php?rest_route=\/wp\/v2\/media\/5348"}],"wp:attachment":[{"href":"https:\/\/goride.it\/index.php?rest_route=%2Fwp%2Fv2%2Fmedia&parent=6469"}],"wp:term":[{"taxonomy":"product_brand","embeddable":true,"href":"https:\/\/goride.it\/index.php?rest_route=%2Fwp%2Fv2%2Fproduct_brand&post=6469"},{"taxonomy":"product_cat","embeddable":true,"href":"https:\/\/goride.it\/index.php?rest_route=%2Fwp%2Fv2%2Fproduct_cat&post=6469"},{"taxonomy":"product_tag","embeddable":true,"href":"https:\/\/goride.it\/index.php?rest_route=%2Fwp%2Fv2%2Fproduct_tag&post=6469"}],"curies":[{"name":"wp","href":"https:\/\/api.w.org\/{rel}","templated":true}]}}