{"id":5178,"date":"2026-02-02T15:26:01","date_gmt":"2026-02-02T15:26:01","guid":{"rendered":"https:\/\/goride.it\/?post_type=product&#038;p=5178"},"modified":"2026-04-06T18:06:17","modified_gmt":"2026-04-06T18:06:17","slug":"go-ride-t5s-foldable-ebike","status":"publish","type":"product","link":"https:\/\/goride.it\/?product=go-ride-t5s-foldable-ebike","title":{"rendered":"Victrip T5s Foldable Electric bike"},"content":{"rendered":"<h3>T5S \u2013 Potenza, autonomia e comfort<\/h3>\n<p>L&#8217;efficiente motore sinusoidale brushless della T5S eroga 85 Nm di coppia, affrontando agevolmente pendenze di 30-35\u00b0. La batteria al litio nascosta LG da 48 V e 15 Ah offre fino a 80 km di autonomia per carica, perfetta per i percorsi a lunga distanza. Progettato per garantire stabilit\u00e0 e comfort, il telaio ribassato, gli pneumatici larghi e le sospensioni anteriori garantiscono una guida fluida su qualsiasi terreno. Che sia in citt\u00e0 o in fuoristrada, la T5S offre potenza, stile e una guida esaltante.<\/p>\n<h3>Dimensioni T5S<\/h3>\n<p>A &#8211; Lunghezza totale: 170 cm<\/p>\n<p>B &#8211; Altezza manubrio da terra: 125 cm<\/p>\n<p>C &#8211; Altezza sella da terra: 72 cm<\/p>\n<p>D &#8211; Lunghezza sella: 38 cm<\/p>\n<p>E &#8211; Lunghezza manubrio: 62 cm<\/p>\n<p>F &#8211; Interasse: 130 cm<\/p>\n<p>G &#8211; Altezza cavalletto: 67 cm<\/p>\n<p>H &#8211; Diametro ruota: 59 cm<\/p>\n<div class=\"rte body subtext-md leading-normal\">\n<p><img fetchpriority=\"high\" decoding=\"async\" class=\"alignnone wp-image-5187 size-full\" src=\"https:\/\/goride.it\/wp-content\/uploads\/2026\/02\/3_ae04f18a-0e22-4b17-b986-4f2de84e1604.png.webp\" alt=\"\" width=\"1600\" height=\"1889\" srcset=\"https:\/\/goride.it\/wp-content\/uploads\/2026\/02\/3_ae04f18a-0e22-4b17-b986-4f2de84e1604.png.webp 1600w, https:\/\/goride.it\/wp-content\/uploads\/2026\/02\/3_ae04f18a-0e22-4b17-b986-4f2de84e1604.png-600x708.webp 600w, https:\/\/goride.it\/wp-content\/uploads\/2026\/02\/3_ae04f18a-0e22-4b17-b986-4f2de84e1604.png-254x300.webp 254w, https:\/\/goride.it\/wp-content\/uploads\/2026\/02\/3_ae04f18a-0e22-4b17-b986-4f2de84e1604.png-867x1024.webp 867w, https:\/\/goride.it\/wp-content\/uploads\/2026\/02\/3_ae04f18a-0e22-4b17-b986-4f2de84e1604.png-768x907.webp 768w, https:\/\/goride.it\/wp-content\/uploads\/2026\/02\/3_ae04f18a-0e22-4b17-b986-4f2de84e1604.png-1301x1536.webp 1301w\" sizes=\"(max-width: 1600px) 100vw, 1600px\" \/><\/p>\n<h3>Pneumatici Fat da 20&#8221; x 4.0&#8221;<\/h3>\n<p>Sia la parte anteriore che quella posteriore sono dotate di ruote anteriori e posteriori integrate a dodici lame da 20&#8221; x 4.0&#8221;. Questo concetto di design implica un&#8217;attenzione particolare alla stabilit\u00e0 e alla durata. \u00c8 adatto a situazioni che richiedono elevati requisiti di resistenza e stabilit\u00e0. Pu\u00f2 affrontare facilmente strade pianeggianti, strade di montagna, strade innevate e sterrate, con una migliore aderenza.<\/p>\n<p><img decoding=\"async\" class=\"aligncenter wp-image-5185 size-full\" src=\"https:\/\/goride.it\/wp-content\/uploads\/2026\/02\/1_42801416-5fbb-4e0f-be53-b15891bc5d1b.png.webp\" alt=\"\" width=\"1600\" height=\"1889\" srcset=\"https:\/\/goride.it\/wp-content\/uploads\/2026\/02\/1_42801416-5fbb-4e0f-be53-b15891bc5d1b.png.webp 1600w, https:\/\/goride.it\/wp-content\/uploads\/2026\/02\/1_42801416-5fbb-4e0f-be53-b15891bc5d1b.png-600x708.webp 600w, https:\/\/goride.it\/wp-content\/uploads\/2026\/02\/1_42801416-5fbb-4e0f-be53-b15891bc5d1b.png-254x300.webp 254w, https:\/\/goride.it\/wp-content\/uploads\/2026\/02\/1_42801416-5fbb-4e0f-be53-b15891bc5d1b.png-867x1024.webp 867w, https:\/\/goride.it\/wp-content\/uploads\/2026\/02\/1_42801416-5fbb-4e0f-be53-b15891bc5d1b.png-768x907.webp 768w, https:\/\/goride.it\/wp-content\/uploads\/2026\/02\/1_42801416-5fbb-4e0f-be53-b15891bc5d1b.png-1301x1536.webp 1301w\" sizes=\"(max-width: 1600px) 100vw, 1600px\" \/> <img decoding=\"async\" class=\"aligncenter wp-image-5186 size-full\" src=\"https:\/\/goride.it\/wp-content\/uploads\/2026\/02\/2_e21426a9-04b2-4994-9c74-76f45e8ae6f0.png.webp\" alt=\"\" width=\"1600\" height=\"1889\" srcset=\"https:\/\/goride.it\/wp-content\/uploads\/2026\/02\/2_e21426a9-04b2-4994-9c74-76f45e8ae6f0.png.webp 1600w, https:\/\/goride.it\/wp-content\/uploads\/2026\/02\/2_e21426a9-04b2-4994-9c74-76f45e8ae6f0.png-600x708.webp 600w, https:\/\/goride.it\/wp-content\/uploads\/2026\/02\/2_e21426a9-04b2-4994-9c74-76f45e8ae6f0.png-254x300.webp 254w, https:\/\/goride.it\/wp-content\/uploads\/2026\/02\/2_e21426a9-04b2-4994-9c74-76f45e8ae6f0.png-867x1024.webp 867w, https:\/\/goride.it\/wp-content\/uploads\/2026\/02\/2_e21426a9-04b2-4994-9c74-76f45e8ae6f0.png-768x907.webp 768w, https:\/\/goride.it\/wp-content\/uploads\/2026\/02\/2_e21426a9-04b2-4994-9c74-76f45e8ae6f0.png-1301x1536.webp 1301w\" sizes=\"(max-width: 1600px) 100vw, 1600px\" \/> <img loading=\"lazy\" decoding=\"async\" class=\"aligncenter wp-image-5188 size-full\" src=\"https:\/\/goride.it\/wp-content\/uploads\/2026\/02\/4_dd2f0ab6-b965-4a47-8000-70c563bc8224.png.webp\" alt=\"\" width=\"1600\" height=\"1889\" srcset=\"https:\/\/goride.it\/wp-content\/uploads\/2026\/02\/4_dd2f0ab6-b965-4a47-8000-70c563bc8224.png.webp 1600w, https:\/\/goride.it\/wp-content\/uploads\/2026\/02\/4_dd2f0ab6-b965-4a47-8000-70c563bc8224.png-600x708.webp 600w, https:\/\/goride.it\/wp-content\/uploads\/2026\/02\/4_dd2f0ab6-b965-4a47-8000-70c563bc8224.png-254x300.webp 254w, https:\/\/goride.it\/wp-content\/uploads\/2026\/02\/4_dd2f0ab6-b965-4a47-8000-70c563bc8224.png-867x1024.webp 867w, https:\/\/goride.it\/wp-content\/uploads\/2026\/02\/4_dd2f0ab6-b965-4a47-8000-70c563bc8224.png-768x907.webp 768w, https:\/\/goride.it\/wp-content\/uploads\/2026\/02\/4_dd2f0ab6-b965-4a47-8000-70c563bc8224.png-1301x1536.webp 1301w\" sizes=\"(max-width: 1600px) 100vw, 1600px\" \/> <img loading=\"lazy\" decoding=\"async\" class=\"aligncenter wp-image-5189 size-full\" src=\"https:\/\/goride.it\/wp-content\/uploads\/2026\/02\/5_18f5a8f7-1995-487e-a0fa-ea8ad9f15cb1.png.webp\" alt=\"\" width=\"1600\" height=\"1889\" srcset=\"https:\/\/goride.it\/wp-content\/uploads\/2026\/02\/5_18f5a8f7-1995-487e-a0fa-ea8ad9f15cb1.png.webp 1600w, https:\/\/goride.it\/wp-content\/uploads\/2026\/02\/5_18f5a8f7-1995-487e-a0fa-ea8ad9f15cb1.png-600x708.webp 600w, https:\/\/goride.it\/wp-content\/uploads\/2026\/02\/5_18f5a8f7-1995-487e-a0fa-ea8ad9f15cb1.png-254x300.webp 254w, https:\/\/goride.it\/wp-content\/uploads\/2026\/02\/5_18f5a8f7-1995-487e-a0fa-ea8ad9f15cb1.png-867x1024.webp 867w, https:\/\/goride.it\/wp-content\/uploads\/2026\/02\/5_18f5a8f7-1995-487e-a0fa-ea8ad9f15cb1.png-768x907.webp 768w, https:\/\/goride.it\/wp-content\/uploads\/2026\/02\/5_18f5a8f7-1995-487e-a0fa-ea8ad9f15cb1.png-1301x1536.webp 1301w\" sizes=\"(max-width: 1600px) 100vw, 1600px\" \/> <img loading=\"lazy\" decoding=\"async\" class=\"aligncenter wp-image-5190 size-full\" src=\"https:\/\/goride.it\/wp-content\/uploads\/2026\/02\/6_f66a36d2-f534-4c5b-b807-76aa6ce321c4.png.webp\" alt=\"\" width=\"1600\" height=\"1889\" srcset=\"https:\/\/goride.it\/wp-content\/uploads\/2026\/02\/6_f66a36d2-f534-4c5b-b807-76aa6ce321c4.png.webp 1600w, https:\/\/goride.it\/wp-content\/uploads\/2026\/02\/6_f66a36d2-f534-4c5b-b807-76aa6ce321c4.png-600x708.webp 600w, https:\/\/goride.it\/wp-content\/uploads\/2026\/02\/6_f66a36d2-f534-4c5b-b807-76aa6ce321c4.png-254x300.webp 254w, https:\/\/goride.it\/wp-content\/uploads\/2026\/02\/6_f66a36d2-f534-4c5b-b807-76aa6ce321c4.png-867x1024.webp 867w, https:\/\/goride.it\/wp-content\/uploads\/2026\/02\/6_f66a36d2-f534-4c5b-b807-76aa6ce321c4.png-768x907.webp 768w, https:\/\/goride.it\/wp-content\/uploads\/2026\/02\/6_f66a36d2-f534-4c5b-b807-76aa6ce321c4.png-1301x1536.webp 1301w\" sizes=\"(max-width: 1600px) 100vw, 1600px\" \/> <img loading=\"lazy\" decoding=\"async\" class=\"aligncenter wp-image-5191 size-full\" src=\"https:\/\/goride.it\/wp-content\/uploads\/2026\/02\/7_d24083ad-8d15-4c20-a310-f86af6568b43.png.webp\" alt=\"\" width=\"1600\" height=\"1889\" srcset=\"https:\/\/goride.it\/wp-content\/uploads\/2026\/02\/7_d24083ad-8d15-4c20-a310-f86af6568b43.png.webp 1600w, https:\/\/goride.it\/wp-content\/uploads\/2026\/02\/7_d24083ad-8d15-4c20-a310-f86af6568b43.png-600x708.webp 600w, https:\/\/goride.it\/wp-content\/uploads\/2026\/02\/7_d24083ad-8d15-4c20-a310-f86af6568b43.png-254x300.webp 254w, https:\/\/goride.it\/wp-content\/uploads\/2026\/02\/7_d24083ad-8d15-4c20-a310-f86af6568b43.png-867x1024.webp 867w, https:\/\/goride.it\/wp-content\/uploads\/2026\/02\/7_d24083ad-8d15-4c20-a310-f86af6568b43.png-768x907.webp 768w, https:\/\/goride.it\/wp-content\/uploads\/2026\/02\/7_d24083ad-8d15-4c20-a310-f86af6568b43.png-1301x1536.webp 1301w\" sizes=\"(max-width: 1600px) 100vw, 1600px\" \/> <img loading=\"lazy\" decoding=\"async\" class=\"aligncenter wp-image-5192 size-full\" src=\"https:\/\/goride.it\/wp-content\/uploads\/2026\/02\/T5_2bd26003-7003-4894-9019-af2684b1d611.png.webp\" alt=\"\" width=\"1600\" height=\"1889\" srcset=\"https:\/\/goride.it\/wp-content\/uploads\/2026\/02\/T5_2bd26003-7003-4894-9019-af2684b1d611.png.webp 1600w, https:\/\/goride.it\/wp-content\/uploads\/2026\/02\/T5_2bd26003-7003-4894-9019-af2684b1d611.png-600x708.webp 600w, https:\/\/goride.it\/wp-content\/uploads\/2026\/02\/T5_2bd26003-7003-4894-9019-af2684b1d611.png-254x300.webp 254w, https:\/\/goride.it\/wp-content\/uploads\/2026\/02\/T5_2bd26003-7003-4894-9019-af2684b1d611.png-867x1024.webp 867w, https:\/\/goride.it\/wp-content\/uploads\/2026\/02\/T5_2bd26003-7003-4894-9019-af2684b1d611.png-768x907.webp 768w, https:\/\/goride.it\/wp-content\/uploads\/2026\/02\/T5_2bd26003-7003-4894-9019-af2684b1d611.png-1301x1536.webp 1301w\" sizes=\"(max-width: 1600px) 100vw, 1600px\" \/><\/p>\n<\/div>\n","protected":false},"excerpt":{"rendered":"<p>250W Step Through Electric Bike | Fat Tire Commuter Ebike Foldable<\/p>\n","protected":false},"featured_media":5182,"comment_status":"open","ping_status":"closed","template":"","meta":[],"product_brand":[39],"product_cat":[42],"product_tag":[],"class_list":{"0":"post-5178","1":"product","2":"type-product","3":"status-publish","4":"has-post-thumbnail","6":"product_brand-victrip","7":"product_cat-victrip","8":"product_shipping_class-every-item","10":"first","11":"instock","12":"sale","13":"shipping-taxable","14":"purchasable","15":"product-type-variable"},"_links":{"self":[{"href":"https:\/\/goride.it\/index.php?rest_route=\/wp\/v2\/product\/5178","targetHints":{"allow":["GET"]}}],"collection":[{"href":"https:\/\/goride.it\/index.php?rest_route=\/wp\/v2\/product"}],"about":[{"href":"https:\/\/goride.it\/index.php?rest_route=\/wp\/v2\/types\/product"}],"replies":[{"embeddable":true,"href":"https:\/\/goride.it\/index.php?rest_route=%2Fwp%2Fv2%2Fcomments&post=5178"}],"version-history":[{"count":4,"href":"https:\/\/goride.it\/index.php?rest_route=\/wp\/v2\/product\/5178\/revisions"}],"predecessor-version":[{"id":7941,"href":"https:\/\/goride.it\/index.php?rest_route=\/wp\/v2\/product\/5178\/revisions\/7941"}],"wp:featuredmedia":[{"embeddable":true,"href":"https:\/\/goride.it\/index.php?rest_route=\/wp\/v2\/media\/5182"}],"wp:attachment":[{"href":"https:\/\/goride.it\/index.php?rest_route=%2Fwp%2Fv2%2Fmedia&parent=5178"}],"wp:term":[{"taxonomy":"product_brand","embeddable":true,"href":"https:\/\/goride.it\/index.php?rest_route=%2Fwp%2Fv2%2Fproduct_brand&post=5178"},{"taxonomy":"product_cat","embeddable":true,"href":"https:\/\/goride.it\/index.php?rest_route=%2Fwp%2Fv2%2Fproduct_cat&post=5178"},{"taxonomy":"product_tag","embeddable":true,"href":"https:\/\/goride.it\/index.php?rest_route=%2Fwp%2Fv2%2Fproduct_tag&post=5178"}],"curies":[{"name":"wp","href":"https:\/\/api.w.org\/{rel}","templated":true}]}}