{"id":5164,"date":"2026-02-02T15:18:08","date_gmt":"2026-02-02T15:18:08","guid":{"rendered":"https:\/\/goride.it\/?post_type=product&#038;p=5164"},"modified":"2026-04-06T18:03:48","modified_gmt":"2026-04-06T18:03:48","slug":"go-ride-t5-foldabt5-foldable-ebikele-ebike","status":"publish","type":"product","link":"https:\/\/goride.it\/?product=go-ride-t5-foldabt5-foldable-ebikele-ebike","title":{"rendered":"Victrip T5 Foldable Electric Bike"},"content":{"rendered":"<h2>this should be like this :<br \/>\nVICITRIP T5<\/h2>\n<p>Scopri il piacere di muoverti in citt\u00e0 con il Victrip T5, la E-BIKE PIEGHEVOLE 250W che unisce design moderno, praticit\u00e0 e prestazioni affidabili. Questa BICICLETTA ELETTRICA A PEDALATA ASSISTITA \u00e8 conforme al Codice della Strada italiano: pu\u00f2 circolare come una normale bici, senza bisogno di patente, immatricolazione o assicurazione. Con velocit\u00e0 massima assistita di 25 km\/h, rende ogni spostamento urbano pi\u00f9 fluido, veloce e meno faticoso. Perfetta per il tragitto casa-lavoro e per la mobilit\u00e0 urbana quotidiana.<\/p>\n<h3>CARATTERISTICHE PRINCIPALI:<\/h3>\n<p><strong>Telaio: Acciaio al Carbonio resistente e durevole<\/strong><br \/>\n<strong>Motore: 250W (Velocit\u00e0 Massima Assistita 25 km\/h)<\/strong><br \/>\n<strong>Batteria: 48V 15Ah (Celle LG ad Alta Qualit\u00e0)<\/strong><br \/>\n<strong>Autonomia: Fino a 50-80 km*<\/strong><br \/>\n<strong>Cambio: Shimano 7 Velocit\u00e0<\/strong><br \/>\n<strong>Freni: Idraulici ad Alta Precisione<\/strong><br \/>\n<strong>Pneumatici: 20&#215;4.0 Fat Bike per Maggiore Stabilit\u00e0<\/strong><\/p>\n<h3><\/h3>\n<h3>T5 \u2013 Potenza, autonomia e comfort<\/h3>\n<p>Il motore sinusoidale brushless ad alta efficienza del T5 eroga 80 Nm di coppia, affrontando senza sforzo pendenze di 30-35\u00b0. La sua batteria al litio nascosta LG da 48 V e 15 Ah offre fino a 80 km di autonomia per carica, ideale per i lunghi tragitti. Progettato per garantire stabilit\u00e0 e comfort, il telaio a media campata, gli pneumatici larghi e le sospensioni anteriori garantiscono prestazioni fluide su qualsiasi terreno. Che sia in citt\u00e0 o fuoristrada, il T5 offre potenza, stile e una guida esaltante.<\/p>\n<h3>Dimensioni T5<br \/>\nA: Lunghezza totale: 69,3 pollici<br \/>\nB: Altezza dal manubrio a terra: 49,6 pollici<br \/>\nC: Altezza dalla sella a terra: 28,3 pollici<br \/>\nD: Lunghezza sella: 15 pollici<br \/>\nE: Lunghezza manubrio: 24,4 pollici<br \/>\nF: Interasse: 51,2 pollici<br \/>\nG: Altezza cavalletto: 24 pollici<br \/>\nH: Diametro ruota: 23,2 pollici<\/h3>\n<div class=\"rte body subtext-md leading-normal\">\n<p><img fetchpriority=\"high\" decoding=\"async\" class=\"aligncenter wp-image-5165 size-full\" src=\"https:\/\/goride.it\/wp-content\/uploads\/2026\/02\/1_36dc1f6b-9c7a-423f-a032-c383e82fe386.png.webp\" alt=\"\" width=\"1600\" height=\"1889\" srcset=\"https:\/\/goride.it\/wp-content\/uploads\/2026\/02\/1_36dc1f6b-9c7a-423f-a032-c383e82fe386.png.webp 1600w, https:\/\/goride.it\/wp-content\/uploads\/2026\/02\/1_36dc1f6b-9c7a-423f-a032-c383e82fe386.png-600x708.webp 600w, https:\/\/goride.it\/wp-content\/uploads\/2026\/02\/1_36dc1f6b-9c7a-423f-a032-c383e82fe386.png-254x300.webp 254w, https:\/\/goride.it\/wp-content\/uploads\/2026\/02\/1_36dc1f6b-9c7a-423f-a032-c383e82fe386.png-867x1024.webp 867w, https:\/\/goride.it\/wp-content\/uploads\/2026\/02\/1_36dc1f6b-9c7a-423f-a032-c383e82fe386.png-768x907.webp 768w, https:\/\/goride.it\/wp-content\/uploads\/2026\/02\/1_36dc1f6b-9c7a-423f-a032-c383e82fe386.png-1301x1536.webp 1301w\" sizes=\"(max-width: 1600px) 100vw, 1600px\" \/><\/p>\n<h3>Pneumatici Fat da 20&#8221; x 4.0&#8221;<\/h3>\n<p>Sia la parte anteriore che quella posteriore sono dotate di ruote anteriori e posteriori integrate a dodici lame da 20&#8221; x 4.0&#8221;. Questo concetto di design implica un&#8217;attenzione particolare alla stabilit\u00e0 e alla durata. \u00c8 adatto a situazioni che richiedono elevati requisiti di resistenza e stabilit\u00e0. Pu\u00f2 affrontare facilmente strade pianeggianti, strade di montagna, strade innevate e sterrate, con una migliore aderenza.<\/p>\n<p><img decoding=\"async\" class=\"aligncenter wp-image-5166 size-full\" src=\"https:\/\/goride.it\/wp-content\/uploads\/2026\/02\/2_54505b92-e0c2-452c-95f4-75b739b54964.png.webp\" alt=\"\" width=\"1600\" height=\"1889\" srcset=\"https:\/\/goride.it\/wp-content\/uploads\/2026\/02\/2_54505b92-e0c2-452c-95f4-75b739b54964.png.webp 1600w, https:\/\/goride.it\/wp-content\/uploads\/2026\/02\/2_54505b92-e0c2-452c-95f4-75b739b54964.png-600x708.webp 600w, https:\/\/goride.it\/wp-content\/uploads\/2026\/02\/2_54505b92-e0c2-452c-95f4-75b739b54964.png-254x300.webp 254w, https:\/\/goride.it\/wp-content\/uploads\/2026\/02\/2_54505b92-e0c2-452c-95f4-75b739b54964.png-867x1024.webp 867w, https:\/\/goride.it\/wp-content\/uploads\/2026\/02\/2_54505b92-e0c2-452c-95f4-75b739b54964.png-768x907.webp 768w, https:\/\/goride.it\/wp-content\/uploads\/2026\/02\/2_54505b92-e0c2-452c-95f4-75b739b54964.png-1301x1536.webp 1301w\" sizes=\"(max-width: 1600px) 100vw, 1600px\" \/><\/p>\n<h3>LUCE INTELLIGENTE<\/h3>\n<p>Il Victrip T5 \u00e8 dotato di un sistema di illuminazione ad alte prestazioni per una maggiore sicurezza e praticit\u00e0. Il fanale posteriore, la luce dei freni e gli indicatori di direzione integrati migliorano la visibilit\u00e0 e la sicurezza stradale. Un potente faro anteriore a LED garantisce un&#8217;illuminazione chiara in condizioni di scarsa illuminazione, rendendo ogni viaggio pi\u00f9 sicuro ed efficiente.<\/p>\n<p><img decoding=\"async\" class=\"aligncenter wp-image-5167 size-full\" src=\"https:\/\/goride.it\/wp-content\/uploads\/2026\/02\/4_6c67a4db-3f57-460f-837b-d5c4df08060e.png.webp\" alt=\"\" width=\"1600\" height=\"1889\" srcset=\"https:\/\/goride.it\/wp-content\/uploads\/2026\/02\/4_6c67a4db-3f57-460f-837b-d5c4df08060e.png.webp 1600w, https:\/\/goride.it\/wp-content\/uploads\/2026\/02\/4_6c67a4db-3f57-460f-837b-d5c4df08060e.png-600x708.webp 600w, https:\/\/goride.it\/wp-content\/uploads\/2026\/02\/4_6c67a4db-3f57-460f-837b-d5c4df08060e.png-254x300.webp 254w, https:\/\/goride.it\/wp-content\/uploads\/2026\/02\/4_6c67a4db-3f57-460f-837b-d5c4df08060e.png-867x1024.webp 867w, https:\/\/goride.it\/wp-content\/uploads\/2026\/02\/4_6c67a4db-3f57-460f-837b-d5c4df08060e.png-768x907.webp 768w, https:\/\/goride.it\/wp-content\/uploads\/2026\/02\/4_6c67a4db-3f57-460f-837b-d5c4df08060e.png-1301x1536.webp 1301w\" sizes=\"(max-width: 1600px) 100vw, 1600px\" \/> <img loading=\"lazy\" decoding=\"async\" class=\"aligncenter wp-image-5168 size-full\" src=\"https:\/\/goride.it\/wp-content\/uploads\/2026\/02\/5_d22a207b-3165-40a4-9112-ba180bf1d866.png.webp\" alt=\"\" width=\"1600\" height=\"1889\" srcset=\"https:\/\/goride.it\/wp-content\/uploads\/2026\/02\/5_d22a207b-3165-40a4-9112-ba180bf1d866.png.webp 1600w, https:\/\/goride.it\/wp-content\/uploads\/2026\/02\/5_d22a207b-3165-40a4-9112-ba180bf1d866.png-600x708.webp 600w, https:\/\/goride.it\/wp-content\/uploads\/2026\/02\/5_d22a207b-3165-40a4-9112-ba180bf1d866.png-254x300.webp 254w, https:\/\/goride.it\/wp-content\/uploads\/2026\/02\/5_d22a207b-3165-40a4-9112-ba180bf1d866.png-867x1024.webp 867w, https:\/\/goride.it\/wp-content\/uploads\/2026\/02\/5_d22a207b-3165-40a4-9112-ba180bf1d866.png-768x907.webp 768w, https:\/\/goride.it\/wp-content\/uploads\/2026\/02\/5_d22a207b-3165-40a4-9112-ba180bf1d866.png-1301x1536.webp 1301w\" sizes=\"(max-width: 1600px) 100vw, 1600px\" \/> <img loading=\"lazy\" decoding=\"async\" class=\"aligncenter wp-image-5169 size-full\" src=\"https:\/\/goride.it\/wp-content\/uploads\/2026\/02\/6_97abde4b-4678-4806-aefe-17c7f01144fa.png.webp\" alt=\"\" width=\"1600\" height=\"1889\" srcset=\"https:\/\/goride.it\/wp-content\/uploads\/2026\/02\/6_97abde4b-4678-4806-aefe-17c7f01144fa.png.webp 1600w, https:\/\/goride.it\/wp-content\/uploads\/2026\/02\/6_97abde4b-4678-4806-aefe-17c7f01144fa.png-600x708.webp 600w, https:\/\/goride.it\/wp-content\/uploads\/2026\/02\/6_97abde4b-4678-4806-aefe-17c7f01144fa.png-254x300.webp 254w, https:\/\/goride.it\/wp-content\/uploads\/2026\/02\/6_97abde4b-4678-4806-aefe-17c7f01144fa.png-867x1024.webp 867w, https:\/\/goride.it\/wp-content\/uploads\/2026\/02\/6_97abde4b-4678-4806-aefe-17c7f01144fa.png-768x907.webp 768w, https:\/\/goride.it\/wp-content\/uploads\/2026\/02\/6_97abde4b-4678-4806-aefe-17c7f01144fa.png-1301x1536.webp 1301w\" sizes=\"(max-width: 1600px) 100vw, 1600px\" \/> <img loading=\"lazy\" decoding=\"async\" class=\"aligncenter wp-image-5170 size-full\" src=\"https:\/\/goride.it\/wp-content\/uploads\/2026\/02\/7_7cbf103e-fdd2-4dae-a4e3-7ef7960f0629.png.webp\" alt=\"\" width=\"1600\" height=\"1889\" srcset=\"https:\/\/goride.it\/wp-content\/uploads\/2026\/02\/7_7cbf103e-fdd2-4dae-a4e3-7ef7960f0629.png.webp 1600w, https:\/\/goride.it\/wp-content\/uploads\/2026\/02\/7_7cbf103e-fdd2-4dae-a4e3-7ef7960f0629.png-600x708.webp 600w, https:\/\/goride.it\/wp-content\/uploads\/2026\/02\/7_7cbf103e-fdd2-4dae-a4e3-7ef7960f0629.png-254x300.webp 254w, https:\/\/goride.it\/wp-content\/uploads\/2026\/02\/7_7cbf103e-fdd2-4dae-a4e3-7ef7960f0629.png-867x1024.webp 867w, https:\/\/goride.it\/wp-content\/uploads\/2026\/02\/7_7cbf103e-fdd2-4dae-a4e3-7ef7960f0629.png-768x907.webp 768w, https:\/\/goride.it\/wp-content\/uploads\/2026\/02\/7_7cbf103e-fdd2-4dae-a4e3-7ef7960f0629.png-1301x1536.webp 1301w\" sizes=\"(max-width: 1600px) 100vw, 1600px\" \/><\/p>\n<\/div>\n","protected":false},"excerpt":{"rendered":"<p>20 Inch Folding Electric Commuter Bike | 250W Lightweight Ebike<\/p>\n","protected":false},"featured_media":5171,"comment_status":"open","ping_status":"closed","template":"","meta":[],"product_brand":[39],"product_cat":[42],"product_tag":[],"class_list":{"0":"post-5164","1":"product","2":"type-product","3":"status-publish","4":"has-post-thumbnail","6":"product_brand-victrip","7":"product_cat-victrip","8":"product_shipping_class-every-item","10":"first","11":"instock","12":"sale","13":"shipping-taxable","14":"purchasable","15":"product-type-variable"},"_links":{"self":[{"href":"https:\/\/goride.it\/index.php?rest_route=\/wp\/v2\/product\/5164","targetHints":{"allow":["GET"]}}],"collection":[{"href":"https:\/\/goride.it\/index.php?rest_route=\/wp\/v2\/product"}],"about":[{"href":"https:\/\/goride.it\/index.php?rest_route=\/wp\/v2\/types\/product"}],"replies":[{"embeddable":true,"href":"https:\/\/goride.it\/index.php?rest_route=%2Fwp%2Fv2%2Fcomments&post=5164"}],"version-history":[{"count":5,"href":"https:\/\/goride.it\/index.php?rest_route=\/wp\/v2\/product\/5164\/revisions"}],"predecessor-version":[{"id":7939,"href":"https:\/\/goride.it\/index.php?rest_route=\/wp\/v2\/product\/5164\/revisions\/7939"}],"wp:featuredmedia":[{"embeddable":true,"href":"https:\/\/goride.it\/index.php?rest_route=\/wp\/v2\/media\/5171"}],"wp:attachment":[{"href":"https:\/\/goride.it\/index.php?rest_route=%2Fwp%2Fv2%2Fmedia&parent=5164"}],"wp:term":[{"taxonomy":"product_brand","embeddable":true,"href":"https:\/\/goride.it\/index.php?rest_route=%2Fwp%2Fv2%2Fproduct_brand&post=5164"},{"taxonomy":"product_cat","embeddable":true,"href":"https:\/\/goride.it\/index.php?rest_route=%2Fwp%2Fv2%2Fproduct_cat&post=5164"},{"taxonomy":"product_tag","embeddable":true,"href":"https:\/\/goride.it\/index.php?rest_route=%2Fwp%2Fv2%2Fproduct_tag&post=5164"}],"curies":[{"name":"wp","href":"https:\/\/api.w.org\/{rel}","templated":true}]}}