{"id":5146,"date":"2026-02-02T14:53:28","date_gmt":"2026-02-02T14:53:28","guid":{"rendered":"https:\/\/goride.it\/?post_type=product&#038;p=5146"},"modified":"2026-04-06T18:17:07","modified_gmt":"2026-04-06T18:17:07","slug":"go-ride-r6-pro-1500w-full-suspension-moped-style-ebike","status":"publish","type":"product","link":"https:\/\/goride.it\/?product=go-ride-r6-pro-1500w-full-suspension-moped-style-ebike","title":{"rendered":"Victrip R6 Off Road Electric Bike"},"content":{"rendered":"<h3>Scopri la VICTRIP R6! \ud83d\udeb4\u200d\u2642\ufe0f\u26a1<\/h3>\n<p>Preparati a scoprire ogni dettaglio della bici da cross VICTRIP R6, la bici elettrica fuoristrada per adulti che \u00e8 pi\u00f9 di una semplice bici: \u00e8 una vera e propria dichiarazione di stile.<\/p>\n<h3>Libert\u00e0 di pedalare, libert\u00e0 di godersi la citt\u00e0<\/h3>\n<h3>Bike elettrica da 1000 W in stile ciclomotore<\/h3>\n<p>La bici elettrica fuoristrada VICTRIP R6 \u00e8 progettata pensando a &#8220;Libert\u00e0, Intelligenza e Divertimento&#8221;, garantendo un&#8217;esperienza di guida eccezionale ai ciclisti urbani. Sappiamo che la vita in citt\u00e0 richiede un modo flessibile, efficiente e sicuro di muoversi, ed \u00e8 per questo che \u00e8 stata sviluppata la R6.<\/p>\n<p>Grazie alla sua tecnologia avanzata e alla conformit\u00e0 con gli standard di sicurezza leader del settore, le bici elettriche fat R6 offrono tranquillit\u00e0 e prestazioni elevate. Che tu stia percorrendo strade trafficate o esplorando sentieri panoramici, puoi goderti il \u200b\u200bviaggio in tutta sicurezza, sapendo che la tua e-bike \u00e8 progettata per il divertimento e la sicurezza.<\/p>\n<div class=\"rte body subtext-md leading-normal\">\n<p><img fetchpriority=\"high\" decoding=\"async\" class=\"aligncenter wp-image-5157 size-full\" src=\"https:\/\/goride.it\/wp-content\/uploads\/2026\/02\/35-mph-electric-bicycle-white.jpg.webp\" alt=\"\" width=\"1600\" height=\"1889\" srcset=\"https:\/\/goride.it\/wp-content\/uploads\/2026\/02\/35-mph-electric-bicycle-white.jpg.webp 1600w, https:\/\/goride.it\/wp-content\/uploads\/2026\/02\/35-mph-electric-bicycle-white.jpg-600x708.webp 600w, https:\/\/goride.it\/wp-content\/uploads\/2026\/02\/35-mph-electric-bicycle-white.jpg-254x300.webp 254w, https:\/\/goride.it\/wp-content\/uploads\/2026\/02\/35-mph-electric-bicycle-white.jpg-867x1024.webp 867w, https:\/\/goride.it\/wp-content\/uploads\/2026\/02\/35-mph-electric-bicycle-white.jpg-768x907.webp 768w, https:\/\/goride.it\/wp-content\/uploads\/2026\/02\/35-mph-electric-bicycle-white.jpg-1301x1536.webp 1301w\" sizes=\"(max-width: 1600px) 100vw, 1600px\" \/><\/p>\n<h3>Pneumatici Fat All-Terrain da 16 pollici<\/h3>\n<p>Dotata di pneumatici rinforzati antiforatura con protezione in acciaio integrata, la bici elettrica R6 Offroad offre stabilit\u00e0 e durata senza pari su tutti i terreni, che si tratti di strade cittadine, sentieri di montagna, sentieri sterrati o strade innevate, garantendo un&#8217;aderenza affidabile e prestazioni durature.<\/p>\n<p><img decoding=\"async\" class=\"aligncenter wp-image-5156 size-full\" src=\"https:\/\/goride.it\/wp-content\/uploads\/2026\/02\/16-inch-puncture-resistant-tires.png.webp\" alt=\"\" width=\"1600\" height=\"1889\" srcset=\"https:\/\/goride.it\/wp-content\/uploads\/2026\/02\/16-inch-puncture-resistant-tires.png.webp 1600w, https:\/\/goride.it\/wp-content\/uploads\/2026\/02\/16-inch-puncture-resistant-tires.png-600x708.webp 600w, https:\/\/goride.it\/wp-content\/uploads\/2026\/02\/16-inch-puncture-resistant-tires.png-254x300.webp 254w, https:\/\/goride.it\/wp-content\/uploads\/2026\/02\/16-inch-puncture-resistant-tires.png-867x1024.webp 867w, https:\/\/goride.it\/wp-content\/uploads\/2026\/02\/16-inch-puncture-resistant-tires.png-768x907.webp 768w, https:\/\/goride.it\/wp-content\/uploads\/2026\/02\/16-inch-puncture-resistant-tires.png-1301x1536.webp 1301w\" sizes=\"(max-width: 1600px) 100vw, 1600px\" \/> \u00a0<img decoding=\"async\" class=\"aligncenter wp-image-5158 size-full\" src=\"https:\/\/goride.it\/wp-content\/uploads\/2026\/02\/48-25Ah-long-range-electric-bike.png.webp\" alt=\"\" width=\"1600\" height=\"1889\" srcset=\"https:\/\/goride.it\/wp-content\/uploads\/2026\/02\/48-25Ah-long-range-electric-bike.png.webp 1600w, https:\/\/goride.it\/wp-content\/uploads\/2026\/02\/48-25Ah-long-range-electric-bike.png-600x708.webp 600w, https:\/\/goride.it\/wp-content\/uploads\/2026\/02\/48-25Ah-long-range-electric-bike.png-254x300.webp 254w, https:\/\/goride.it\/wp-content\/uploads\/2026\/02\/48-25Ah-long-range-electric-bike.png-867x1024.webp 867w, https:\/\/goride.it\/wp-content\/uploads\/2026\/02\/48-25Ah-long-range-electric-bike.png-768x907.webp 768w, https:\/\/goride.it\/wp-content\/uploads\/2026\/02\/48-25Ah-long-range-electric-bike.png-1301x1536.webp 1301w\" sizes=\"(max-width: 1600px) 100vw, 1600px\" \/> <img loading=\"lazy\" decoding=\"async\" class=\"aligncenter wp-image-5159 size-full\" src=\"https:\/\/goride.it\/wp-content\/uploads\/2026\/02\/1500-W-ebike-with-LG-cell-battery.png.webp\" alt=\"\" width=\"1600\" height=\"1889\" srcset=\"https:\/\/goride.it\/wp-content\/uploads\/2026\/02\/1500-W-ebike-with-LG-cell-battery.png.webp 1600w, https:\/\/goride.it\/wp-content\/uploads\/2026\/02\/1500-W-ebike-with-LG-cell-battery.png-600x708.webp 600w, https:\/\/goride.it\/wp-content\/uploads\/2026\/02\/1500-W-ebike-with-LG-cell-battery.png-254x300.webp 254w, https:\/\/goride.it\/wp-content\/uploads\/2026\/02\/1500-W-ebike-with-LG-cell-battery.png-867x1024.webp 867w, https:\/\/goride.it\/wp-content\/uploads\/2026\/02\/1500-W-ebike-with-LG-cell-battery.png-768x907.webp 768w, https:\/\/goride.it\/wp-content\/uploads\/2026\/02\/1500-W-ebike-with-LG-cell-battery.png-1301x1536.webp 1301w\" sizes=\"(max-width: 1600px) 100vw, 1600px\" \/><\/p>\n<h2><\/h2>\n<h3>Ammortizzatore posteriore e sospensione a doppia piastra<\/h3>\n<p>La R6 Fast Ebike \u00e8 dotata di una forcella ammortizzata a doppia piastra rinforzata, realizzata con tubi interni sovradimensionati da 32 mm e foderi esterni da 42 mm per la massima rigidit\u00e0 e controllo. Progettata per l&#8217;uso fuoristrada impegnativo, offre un supporto efficace in accelerazione e frenata, mentre la sua escursione di 80 mm assorbe urti e vibrazioni, riducendo l&#8217;affaticamento del ciclista e garantendo una guida pi\u00f9 fluida e sicura su qualsiasi terreno.<\/p>\n<p><img loading=\"lazy\" decoding=\"async\" class=\"aligncenter wp-image-5161 size-full\" src=\"https:\/\/goride.it\/wp-content\/uploads\/2026\/02\/Full-Suspension-Fat-Tire-ebike.png.webp\" alt=\"\" width=\"1600\" height=\"1889\" srcset=\"https:\/\/goride.it\/wp-content\/uploads\/2026\/02\/Full-Suspension-Fat-Tire-ebike.png.webp 1600w, https:\/\/goride.it\/wp-content\/uploads\/2026\/02\/Full-Suspension-Fat-Tire-ebike.png-600x708.webp 600w, https:\/\/goride.it\/wp-content\/uploads\/2026\/02\/Full-Suspension-Fat-Tire-ebike.png-254x300.webp 254w, https:\/\/goride.it\/wp-content\/uploads\/2026\/02\/Full-Suspension-Fat-Tire-ebike.png-867x1024.webp 867w, https:\/\/goride.it\/wp-content\/uploads\/2026\/02\/Full-Suspension-Fat-Tire-ebike.png-768x907.webp 768w, https:\/\/goride.it\/wp-content\/uploads\/2026\/02\/Full-Suspension-Fat-Tire-ebike.png-1301x1536.webp 1301w\" sizes=\"(max-width: 1600px) 100vw, 1600px\" \/> <img loading=\"lazy\" decoding=\"async\" class=\"aligncenter wp-image-5162 size-full\" src=\"https:\/\/goride.it\/wp-content\/uploads\/2026\/02\/Smart-LED-hydraulic-ebike.png.webp\" alt=\"\" width=\"1600\" height=\"1889\" srcset=\"https:\/\/goride.it\/wp-content\/uploads\/2026\/02\/Smart-LED-hydraulic-ebike.png.webp 1600w, https:\/\/goride.it\/wp-content\/uploads\/2026\/02\/Smart-LED-hydraulic-ebike.png-600x708.webp 600w, https:\/\/goride.it\/wp-content\/uploads\/2026\/02\/Smart-LED-hydraulic-ebike.png-254x300.webp 254w, https:\/\/goride.it\/wp-content\/uploads\/2026\/02\/Smart-LED-hydraulic-ebike.png-867x1024.webp 867w, https:\/\/goride.it\/wp-content\/uploads\/2026\/02\/Smart-LED-hydraulic-ebike.png-768x907.webp 768w, https:\/\/goride.it\/wp-content\/uploads\/2026\/02\/Smart-LED-hydraulic-ebike.png-1301x1536.webp 1301w\" sizes=\"(max-width: 1600px) 100vw, 1600px\" \/> <img loading=\"lazy\" decoding=\"async\" class=\"aligncenter wp-image-5163 size-full\" src=\"https:\/\/goride.it\/wp-content\/uploads\/2026\/02\/Strong-hydraulic-brakes-ebike.png.webp\" alt=\"\" width=\"1600\" height=\"1889\" srcset=\"https:\/\/goride.it\/wp-content\/uploads\/2026\/02\/Strong-hydraulic-brakes-ebike.png.webp 1600w, https:\/\/goride.it\/wp-content\/uploads\/2026\/02\/Strong-hydraulic-brakes-ebike.png-600x708.webp 600w, https:\/\/goride.it\/wp-content\/uploads\/2026\/02\/Strong-hydraulic-brakes-ebike.png-254x300.webp 254w, https:\/\/goride.it\/wp-content\/uploads\/2026\/02\/Strong-hydraulic-brakes-ebike.png-867x1024.webp 867w, https:\/\/goride.it\/wp-content\/uploads\/2026\/02\/Strong-hydraulic-brakes-ebike.png-768x907.webp 768w, https:\/\/goride.it\/wp-content\/uploads\/2026\/02\/Strong-hydraulic-brakes-ebike.png-1301x1536.webp 1301w\" sizes=\"(max-width: 1600px) 100vw, 1600px\" \/><\/p>\n<p><img loading=\"lazy\" decoding=\"async\" class=\"aligncenter wp-image-5160 size-full\" src=\"https:\/\/goride.it\/wp-content\/uploads\/2026\/02\/1500W-motor-Electric-Bike.png.webp\" alt=\"\" width=\"1600\" height=\"1889\" srcset=\"https:\/\/goride.it\/wp-content\/uploads\/2026\/02\/1500W-motor-Electric-Bike.png.webp 1600w, https:\/\/goride.it\/wp-content\/uploads\/2026\/02\/1500W-motor-Electric-Bike.png-600x708.webp 600w, https:\/\/goride.it\/wp-content\/uploads\/2026\/02\/1500W-motor-Electric-Bike.png-254x300.webp 254w, https:\/\/goride.it\/wp-content\/uploads\/2026\/02\/1500W-motor-Electric-Bike.png-867x1024.webp 867w, https:\/\/goride.it\/wp-content\/uploads\/2026\/02\/1500W-motor-Electric-Bike.png-768x907.webp 768w, https:\/\/goride.it\/wp-content\/uploads\/2026\/02\/1500W-motor-Electric-Bike.png-1301x1536.webp 1301w\" sizes=\"(max-width: 1600px) 100vw, 1600px\" \/><\/p>\n<\/div>\n<p>&nbsp;<\/p>\n<div class=\"description rte leading-normal subtext-md\">\n<p>&nbsp;<\/p>\n<\/div>\n","protected":false},"excerpt":{"rendered":"<p>250W Best Off Road Ebike | Fat Tire Moped Electric Bike\u200b for Adults<\/p>\n","protected":false},"featured_media":5152,"comment_status":"open","ping_status":"closed","template":"","meta":[],"product_brand":[39],"product_cat":[42],"product_tag":[],"class_list":{"0":"post-5146","1":"product","2":"type-product","3":"status-publish","4":"has-post-thumbnail","6":"product_brand-victrip","7":"product_cat-victrip","8":"product_shipping_class-every-item","10":"first","11":"instock","12":"sale","13":"shipping-taxable","14":"purchasable","15":"product-type-variable"},"_links":{"self":[{"href":"https:\/\/goride.it\/index.php?rest_route=\/wp\/v2\/product\/5146","targetHints":{"allow":["GET"]}}],"collection":[{"href":"https:\/\/goride.it\/index.php?rest_route=\/wp\/v2\/product"}],"about":[{"href":"https:\/\/goride.it\/index.php?rest_route=\/wp\/v2\/types\/product"}],"replies":[{"embeddable":true,"href":"https:\/\/goride.it\/index.php?rest_route=%2Fwp%2Fv2%2Fcomments&post=5146"}],"version-history":[{"count":4,"href":"https:\/\/goride.it\/index.php?rest_route=\/wp\/v2\/product\/5146\/revisions"}],"predecessor-version":[{"id":7938,"href":"https:\/\/goride.it\/index.php?rest_route=\/wp\/v2\/product\/5146\/revisions\/7938"}],"wp:featuredmedia":[{"embeddable":true,"href":"https:\/\/goride.it\/index.php?rest_route=\/wp\/v2\/media\/5152"}],"wp:attachment":[{"href":"https:\/\/goride.it\/index.php?rest_route=%2Fwp%2Fv2%2Fmedia&parent=5146"}],"wp:term":[{"taxonomy":"product_brand","embeddable":true,"href":"https:\/\/goride.it\/index.php?rest_route=%2Fwp%2Fv2%2Fproduct_brand&post=5146"},{"taxonomy":"product_cat","embeddable":true,"href":"https:\/\/goride.it\/index.php?rest_route=%2Fwp%2Fv2%2Fproduct_cat&post=5146"},{"taxonomy":"product_tag","embeddable":true,"href":"https:\/\/goride.it\/index.php?rest_route=%2Fwp%2Fv2%2Fproduct_tag&post=5146"}],"curies":[{"name":"wp","href":"https:\/\/api.w.org\/{rel}","templated":true}]}}